{"id":79647,"date":"2023-05-01T19:52:58","date_gmt":"2023-05-01T19:52:58","guid":{"rendered":"https:\/\/www.mysexualfantasy.eu\/?post_type=product&#038;p=79647"},"modified":"2023-12-06T16:12:32","modified_gmt":"2023-12-06T16:12:32","slug":"satisfyer-air-pump-vibrator-2-rosa-antiguo","status":"publish","type":"product","link":"https:\/\/www.mysexualfantasy.eu\/en\/product\/satisfyer-air-pump-vibrator-2-rosa-antiguo\/","title":{"rendered":"SATISFYER &#8211; AIR PUMP VIBRATOR 2 ROSA ANTIGUO"},"content":{"rendered":"<p>\u00a1El vibrador hinchable, ultra potente ideal para multiplicar por diez tus sensaciones!<\/p>\n<p>Este poderoso juguete sexual vibrador tiene un cuerpo inflable para intensificar la estimulaci\u00f3n, as\u00ed como un di\u00e1metro ajustable personalizado.<br \/>Con su forma curva y su superficie lisa y ligeramente acanalada, el Satisfyer Air Pump Vibrator 2 es el vibrador perfecto para la estimulaci\u00f3n del punto G, pero tambi\u00e9n se puede utilizar para la estimulaci\u00f3n anal.<\/p>\n<p>Gracias a su cuerpo hinchable, sus estimulantes ranuras a lo largo de su cuerpo y su extremo bulboso, el Air Pump Vibrator 2 har\u00e1 que te derritas de placer de mil y una formas.<br \/>El estimulador Satisfyer Air Pump Vibrator 2 est\u00e1 hecho de silicona de grado m\u00e9dico s\u00faper suave, agradable para la piel, suave al tacto y extremadamente higi\u00e9nica.<br \/>Recargable, sus bater\u00edas integradas se pueden recargar mediante el cable de carga USB incluido.<\/p>\n<p>Juguete sexual inflable: el di\u00e1metro de los vibradores Satisfyer Air Pump se puede aumentar gradualmente y hasta 1,5 cm adicionales presionando un solo bot\u00f3n.<br \/>Con una presi\u00f3n continua, el juguete sexual alcanza su di\u00e1metro m\u00e1ximo en tan solo 12 segundos, con un doble clic del bot\u00f3n puedes volver a liberar el aire f\u00e1cilmente.<\/p>\n<p><strong>Caracter\u00edsticas:<\/strong><\/p>\n<ul>\n<li>Vibrador vers\u00e1til e inflable<\/li>\n<li>Cuerpo inflable y di\u00e1metro<\/li>\n<li>Estimulaci\u00f3n: anal o vaginal<\/li>\n<li>12 programas de vibraci\u00f3n<\/li>\n<li>Modo silencioso<\/li>\n<li>Impermeable (IPX7)<\/li>\n<li>Material: Silicona biocompatible y ABS<\/li>\n<li>Largo: 20 a 21,5 cm<\/li>\n<li>Di\u00e1metro de 3,5 a 5 cm dependiendo del inflado<\/li>\n<li>Bater\u00eda recargable de iones de litio con cargador USB magn\u00e9tico suministrado<\/li>\n<li>F\u00e1cil limpieza<\/li>\n<\/ul>\n<p>\u00a0<\/p>","protected":false},"excerpt":{"rendered":"<p>SATISFYER &#8211; AIR PUMP VIBRATOR 2 ANCIENT PINK<\/p>","protected":false},"featured_media":79648,"comment_status":"open","ping_status":"closed","template":"","meta":{"_monsterinsights_skip_tracking":false,"_monsterinsights_sitenote_active":false,"_monsterinsights_sitenote_note":"","_monsterinsights_sitenote_category":0,"_joinchat":[]},"product_brand":[],"product_cat":[1156,1152,1155,1165,1309,1153,1192],"product_tag":[],"class_list":{"0":"post-79647","1":"product","2":"type-product","3":"status-publish","4":"has-post-thumbnail","6":"product_cat-juguetes-bienestar-juguetes-para-mujeresestimuladores","7":"product_cat-juguetes-bienestar","8":"product_cat-juguetes-bienestar-juguetes-para-mujeres","9":"product_cat-juguetes-bienestar-juguetes-para-mujeresmasturbadores-para-ellas","10":"product_cat-juguetes-bienestar-juguetes-para-mujerespunto-g","11":"product_cat-juguetes-bienestar-vibradores","12":"product_cat-juguetes-bienestar-vibradoresvibradores-hi-tech","13":"yith_product_brand-satisfyer","14":"yith_product_brand-satisfyer-satisfyer-vibrator","16":"first","17":"instock","18":"taxable","19":"shipping-taxable","20":"purchasable","21":"product-type-simple"},"aioseo_notices":[],"_links":{"self":[{"href":"https:\/\/www.mysexualfantasy.eu\/en\/wp-json\/wp\/v2\/product\/79647","targetHints":{"allow":["GET"]}}],"collection":[{"href":"https:\/\/www.mysexualfantasy.eu\/en\/wp-json\/wp\/v2\/product"}],"about":[{"href":"https:\/\/www.mysexualfantasy.eu\/en\/wp-json\/wp\/v2\/types\/product"}],"replies":[{"embeddable":true,"href":"https:\/\/www.mysexualfantasy.eu\/en\/wp-json\/wp\/v2\/comments?post=79647"}],"wp:featuredmedia":[{"embeddable":true,"href":"https:\/\/www.mysexualfantasy.eu\/en\/wp-json\/wp\/v2\/media\/79648"}],"wp:attachment":[{"href":"https:\/\/www.mysexualfantasy.eu\/en\/wp-json\/wp\/v2\/media?parent=79647"}],"wp:term":[{"taxonomy":"product_brand","embeddable":true,"href":"https:\/\/www.mysexualfantasy.eu\/en\/wp-json\/wp\/v2\/product_brand?post=79647"},{"taxonomy":"product_cat","embeddable":true,"href":"https:\/\/www.mysexualfantasy.eu\/en\/wp-json\/wp\/v2\/product_cat?post=79647"},{"taxonomy":"product_tag","embeddable":true,"href":"https:\/\/www.mysexualfantasy.eu\/en\/wp-json\/wp\/v2\/product_tag?post=79647"}],"curies":[{"name":"wp","href":"https:\/\/api.w.org\/{rel}","templated":true}]}}