{"id":79659,"date":"2023-05-08T21:01:01","date_gmt":"2023-05-08T21:01:01","guid":{"rendered":"https:\/\/www.mysexualfantasy.eu\/?post_type=product&#038;p=79659"},"modified":"2023-12-06T14:50:44","modified_gmt":"2023-12-06T14:50:44","slug":"pretty-love-arnes-universal-negro","status":"publish","type":"product","link":"https:\/\/www.mysexualfantasy.eu\/en\/product\/pretty-love-arnes-universal-negro\/","title":{"rendered":"PRETTY LOVE &#8211; ARN\u00c9S UNIVERSAL NEGRO"},"content":{"rendered":"<p>Prep\u00e1rate para un poco de diversi\u00f3n h\u00fameda y salvaje con estos calzoncillos de arn\u00e9s. Este arn\u00e9s universal con correa es una excelente opci\u00f3n tanto para principiantes como para expertos. Hecho de tela suave y el\u00e1stica para un dise\u00f1o ce\u00f1ido que se puede usar discretamente debajo de la ropa. Tiene una pretina extra ancha para su comodidad, incluso durante todo el d\u00eda. La junta t\u00f3rica se estira para adaptarse a la mayor\u00eda de los packers, vibradores, dildos y dongs compatibles con arneses para uso personal, as\u00ed como todo tipo de diversi\u00f3n con un amante afortunado.<\/p>\n<ul>\n<li>Impermeable: S\u00ed<\/li>\n<li>Material: goma ABS de poliuretano.<\/li>\n<li>Color: 0801S negro.<\/li>\n<li>Tama\u00f1o del embalaje (mm): 245*175*85<\/li>\n<\/ul>\n<p>Pretty Love fabrica productos de alta calidad. Tienen 1 a\u00f1o de garant\u00eda en defectos t\u00e9cnicos.<\/p>","protected":false},"excerpt":{"rendered":"<p>PRETTY LOVE &#8211; UNIVERSAL HARNESS BRIEF BLACK<\/p>","protected":false},"featured_media":79660,"comment_status":"open","ping_status":"closed","template":"","meta":{"_monsterinsights_skip_tracking":false,"_monsterinsights_sitenote_active":false,"_monsterinsights_sitenote_note":"","_monsterinsights_sitenote_category":0,"_joinchat":[]},"product_brand":[],"product_cat":[1173,1152],"product_tag":[],"class_list":{"0":"post-79659","1":"product","2":"type-product","3":"status-publish","4":"has-post-thumbnail","6":"product_cat-juguetes-bienestar-arneses","7":"product_cat-juguetes-bienestar","8":"yith_product_brand-pretty-love","10":"first","11":"instock","12":"taxable","13":"shipping-taxable","14":"purchasable","15":"product-type-simple"},"aioseo_notices":[],"_links":{"self":[{"href":"https:\/\/www.mysexualfantasy.eu\/en\/wp-json\/wp\/v2\/product\/79659","targetHints":{"allow":["GET"]}}],"collection":[{"href":"https:\/\/www.mysexualfantasy.eu\/en\/wp-json\/wp\/v2\/product"}],"about":[{"href":"https:\/\/www.mysexualfantasy.eu\/en\/wp-json\/wp\/v2\/types\/product"}],"replies":[{"embeddable":true,"href":"https:\/\/www.mysexualfantasy.eu\/en\/wp-json\/wp\/v2\/comments?post=79659"}],"wp:featuredmedia":[{"embeddable":true,"href":"https:\/\/www.mysexualfantasy.eu\/en\/wp-json\/wp\/v2\/media\/79660"}],"wp:attachment":[{"href":"https:\/\/www.mysexualfantasy.eu\/en\/wp-json\/wp\/v2\/media?parent=79659"}],"wp:term":[{"taxonomy":"product_brand","embeddable":true,"href":"https:\/\/www.mysexualfantasy.eu\/en\/wp-json\/wp\/v2\/product_brand?post=79659"},{"taxonomy":"product_cat","embeddable":true,"href":"https:\/\/www.mysexualfantasy.eu\/en\/wp-json\/wp\/v2\/product_cat?post=79659"},{"taxonomy":"product_tag","embeddable":true,"href":"https:\/\/www.mysexualfantasy.eu\/en\/wp-json\/wp\/v2\/product_tag?post=79659"}],"curies":[{"name":"wp","href":"https:\/\/api.w.org\/{rel}","templated":true}]}}