{"id":79679,"date":"2023-05-08T23:39:45","date_gmt":"2023-05-08T23:39:45","guid":{"rendered":"https:\/\/www.mysexualfantasy.eu\/?post_type=product&#038;p=79679"},"modified":"2023-12-06T15:45:19","modified_gmt":"2023-12-06T15:45:19","slug":"baile-ultra-passionate-harness-dobles-dildos-con-arnes","status":"publish","type":"product","link":"https:\/\/www.mysexualfantasy.eu\/en\/product\/baile-ultra-passionate-harness-dobles-dildos-con-arnes\/","title":{"rendered":"BAILE &#8211; ULTRA PASSIONATE HARNESS DOBLES DILDOS CON ARN\u00c9S"},"content":{"rendered":"<p>Este dildo de dos puntas, superventas, es el juguete perfecto para complacer a dos parejas a la vez, con un arn\u00e9s ajustable con correa el\u00e1stica para que una persona lo use c\u00f3modamente. Cada lado ofrece una penetraci\u00f3n de sensaci\u00f3n realista y se frota perfectamente contra sus puntos G gracias al \u00e1ngulo hacia arriba de ambos ejes. Mientras tanto, la textura rugosa en los ejes ofrece una estimulaci\u00f3n adicional contra las paredes internas mientras los dos cabalgan juntos hacia la felicidad sin aliento.<\/p>\n<ul>\n<li>Impermeable: S\u00ed<\/li>\n<li>Material: PU ABS Caucho TPR<\/li>\n<li>Color: 1002S Color carne<\/li>\n<li>Tama\u00f1o del embalaje (mm): 245*175*85<\/li>\n<\/ul>\n<p>Baile fabrica productos con altos est\u00e1ndares de calidad. Todos sus productos est\u00e1n dise\u00f1ados en USA y tienen 1 a\u00f1o de garant\u00eda en defectos t\u00e9cnicos.<\/p>","protected":false},"excerpt":{"rendered":"<p>BAILE &#8211; ULTRA PASSIONATE HARNESS DOUBLE DILDOS WITH HARNESS<\/p>","protected":false},"featured_media":79680,"comment_status":"open","ping_status":"closed","template":"","meta":{"_monsterinsights_skip_tracking":false,"_monsterinsights_sitenote_active":false,"_monsterinsights_sitenote_note":"","_monsterinsights_sitenote_category":0,"_joinchat":[]},"product_brand":[],"product_cat":[1170,1173,1299,1174,1184,1152,1160],"product_tag":[],"class_list":{"0":"post-79679","1":"product","2":"type-product","3":"status-publish","4":"has-post-thumbnail","6":"product_cat-juguetes-bienestar-juguetes-para-hombresaccesorios-para-el-pene","7":"product_cat-juguetes-bienestar-arneses","8":"product_cat-juguetes-bienestar-juguetes-para-hombresaccesorios-para-el-penearneses-pene","9":"product_cat-juguetes-bienestar-arnesesarneses-sin-vibracion","10":"product_cat-juguetes-bienestar-juguetes-para-hombresaccesorios-para-el-peneextensiones-para-el-pene","11":"product_cat-juguetes-bienestar","12":"product_cat-juguetes-bienestar-juguetes-para-hombres","13":"yith_product_brand-baile","14":"yith_product_brand-bailebaile-harness-collection","16":"first","17":"instock","18":"taxable","19":"shipping-taxable","20":"purchasable","21":"product-type-simple"},"aioseo_notices":[],"_links":{"self":[{"href":"https:\/\/www.mysexualfantasy.eu\/en\/wp-json\/wp\/v2\/product\/79679","targetHints":{"allow":["GET"]}}],"collection":[{"href":"https:\/\/www.mysexualfantasy.eu\/en\/wp-json\/wp\/v2\/product"}],"about":[{"href":"https:\/\/www.mysexualfantasy.eu\/en\/wp-json\/wp\/v2\/types\/product"}],"replies":[{"embeddable":true,"href":"https:\/\/www.mysexualfantasy.eu\/en\/wp-json\/wp\/v2\/comments?post=79679"}],"wp:featuredmedia":[{"embeddable":true,"href":"https:\/\/www.mysexualfantasy.eu\/en\/wp-json\/wp\/v2\/media\/79680"}],"wp:attachment":[{"href":"https:\/\/www.mysexualfantasy.eu\/en\/wp-json\/wp\/v2\/media?parent=79679"}],"wp:term":[{"taxonomy":"product_brand","embeddable":true,"href":"https:\/\/www.mysexualfantasy.eu\/en\/wp-json\/wp\/v2\/product_brand?post=79679"},{"taxonomy":"product_cat","embeddable":true,"href":"https:\/\/www.mysexualfantasy.eu\/en\/wp-json\/wp\/v2\/product_cat?post=79679"},{"taxonomy":"product_tag","embeddable":true,"href":"https:\/\/www.mysexualfantasy.eu\/en\/wp-json\/wp\/v2\/product_tag?post=79679"}],"curies":[{"name":"wp","href":"https:\/\/api.w.org\/{rel}","templated":true}]}}