{"id":79685,"date":"2023-05-08T23:39:50","date_gmt":"2023-05-08T23:39:50","guid":{"rendered":"https:\/\/www.mysexualfantasy.eu\/?post_type=product&#038;p=79685"},"modified":"2023-12-06T15:45:20","modified_gmt":"2023-12-06T15:45:20","slug":"pretty-love-harness-briefs-arnes-universal-con-dildo-jerry-21-8-cm-natural","status":"publish","type":"product","link":"https:\/\/www.mysexualfantasy.eu\/en\/product\/pretty-love-harness-briefs-arnes-universal-con-dildo-jerry-21-8-cm-natural\/","title":{"rendered":"PRETTY LOVE &#8211; HARNESS BRIEFS ARN\u00c9S UNIVERSAL CON DILDO JERRY 21.8 CM NATURAL"},"content":{"rendered":"<p>Prep\u00e1rate para un poco de diversi\u00f3n h\u00fameda y salvaje con estos calzoncillos de arn\u00e9s. Este arn\u00e9s universal con correa es una excelente opci\u00f3n tanto para principiantes como para expertos. Hecho de tela suave y el\u00e1stica para un dise\u00f1o ce\u00f1ido que se puede usar discretamente debajo de la ropa. Tiene una pretina extra ancha para su comodidad, incluso durante todo el d\u00eda. Con una apariencia y sensaci\u00f3n realistas, este dildo realista es tu mejor compa\u00f1ero para noches inolvidables y llenas de placer. Qu\u00e9dese con su arn\u00e9s de correa universal y use su nueva polla de 7.6 pulgadas con orgullo. Perfecto para jugar en pareja, te garantizamos que entrar\u00e1s en el esp\u00edritu sexy con esta embriagadora polla.<\/p>\n<ul>\n<li>Impermeable: S\u00ed<\/li>\n<li>Material: ABS PU Goma TPR<\/li>\n<li>Color: 1002S Color carne<\/li>\n<li>Tama\u00f1o del embalaje (mm): 245*175*85<\/li>\n<\/ul>\n<p>Pretty Love fabrica productos de alta calidad. Tienen 1 a\u00f1o de garant\u00eda en defectos t\u00e9cnicos.<\/p>","protected":false},"excerpt":{"rendered":"<p>PRETTY LOVE &#8211; HARNESS BRIEFS UNIVERSAL HARNESS WITH DILDO JERRY 21.8 CM NATURAL<\/p>","protected":false},"featured_media":79686,"comment_status":"open","ping_status":"closed","template":"","meta":{"_monsterinsights_skip_tracking":false,"_monsterinsights_sitenote_active":false,"_monsterinsights_sitenote_note":"","_monsterinsights_sitenote_category":0,"_joinchat":[]},"product_brand":[],"product_cat":[1170,1173,1299,1174,1184,1152,1160],"product_tag":[],"class_list":{"0":"post-79685","1":"product","2":"type-product","3":"status-publish","4":"has-post-thumbnail","6":"product_cat-juguetes-bienestar-juguetes-para-hombresaccesorios-para-el-pene","7":"product_cat-juguetes-bienestar-arneses","8":"product_cat-juguetes-bienestar-juguetes-para-hombresaccesorios-para-el-penearneses-pene","9":"product_cat-juguetes-bienestar-arnesesarneses-sin-vibracion","10":"product_cat-juguetes-bienestar-juguetes-para-hombresaccesorios-para-el-peneextensiones-para-el-pene","11":"product_cat-juguetes-bienestar","12":"product_cat-juguetes-bienestar-juguetes-para-hombres","13":"yith_product_brand-pretty-love","15":"first","16":"instock","17":"taxable","18":"shipping-taxable","19":"purchasable","20":"product-type-simple"},"aioseo_notices":[],"_links":{"self":[{"href":"https:\/\/www.mysexualfantasy.eu\/en\/wp-json\/wp\/v2\/product\/79685","targetHints":{"allow":["GET"]}}],"collection":[{"href":"https:\/\/www.mysexualfantasy.eu\/en\/wp-json\/wp\/v2\/product"}],"about":[{"href":"https:\/\/www.mysexualfantasy.eu\/en\/wp-json\/wp\/v2\/types\/product"}],"replies":[{"embeddable":true,"href":"https:\/\/www.mysexualfantasy.eu\/en\/wp-json\/wp\/v2\/comments?post=79685"}],"wp:featuredmedia":[{"embeddable":true,"href":"https:\/\/www.mysexualfantasy.eu\/en\/wp-json\/wp\/v2\/media\/79686"}],"wp:attachment":[{"href":"https:\/\/www.mysexualfantasy.eu\/en\/wp-json\/wp\/v2\/media?parent=79685"}],"wp:term":[{"taxonomy":"product_brand","embeddable":true,"href":"https:\/\/www.mysexualfantasy.eu\/en\/wp-json\/wp\/v2\/product_brand?post=79685"},{"taxonomy":"product_cat","embeddable":true,"href":"https:\/\/www.mysexualfantasy.eu\/en\/wp-json\/wp\/v2\/product_cat?post=79685"},{"taxonomy":"product_tag","embeddable":true,"href":"https:\/\/www.mysexualfantasy.eu\/en\/wp-json\/wp\/v2\/product_tag?post=79685"}],"curies":[{"name":"wp","href":"https:\/\/api.w.org\/{rel}","templated":true}]}}