{"id":79742,"date":"2023-05-10T11:55:04","date_gmt":"2023-05-10T11:55:04","guid":{"rendered":"https:\/\/www.mysexualfantasy.eu\/?post_type=product&#038;p=79742"},"modified":"2023-12-06T15:46:28","modified_gmt":"2023-12-06T15:46:28","slug":"fleshlight-girls-violet-myers-waifu","status":"publish","type":"product","link":"https:\/\/www.mysexualfantasy.eu\/en\/product\/fleshlight-girls-violet-myers-waifu\/","title":{"rendered":"FLESHLIGHT GIRLS VIOLET MYERS WAIFU"},"content":{"rendered":"<p>Violet Myers es la chica waifu hentai dulce, tetona y de la vida real de tus sue\u00f1os.<\/p>\n<p>Deliciosamente curvil\u00ednea en todos los lugares correctos, esta estrella porno mitad latina, mitad turca naci\u00f3 en Los \u00c1ngeles, California, el 24 de febrero de 1997. Con un par de incre\u00edbles tetas triple-D, pezones gigantes y pronunciados y un culo descarado, es f\u00e1cil. para ver por qu\u00e9 es una de las superestrellas de m\u00e1s r\u00e1pido crecimiento del porno. Violet comenz\u00f3 su carrera como modelo en las redes sociales, publicando con frecuencia im\u00e1genes y videos incre\u00edblemente seductores que a menudo se volv\u00edan virales. Como resultado de su creciente popularidad en l\u00ednea, tom\u00f3 la sabia decisi\u00f3n comercial de unirse a la industria del cine para adultos. As\u00ed, en 2018, con 21 a\u00f1os, Violet se asoci\u00f3 con un conocido estudio de producci\u00f3n llamado \u00abThe Score Group\u00bb. All\u00ed, estableci\u00f3 una s\u00f3lida reputaci\u00f3n con sus actuaciones estelares de bombeo de polla.<\/p>\n<p>Seg\u00fan Violet, est\u00e1 siempre cachonda, tanto que afirma que tiene que correrse al menos una vez al d\u00eda para mantener sus impulsos sexuales bajo control. Al unirse a la industria para adultos, ten\u00eda un conteo de casi 40 chicos, lo que la convirti\u00f3 en una experta en sexo con mucha experiencia desde su primera escena. Esta \u00abexperiencia de campo\u00bb le permiti\u00f3 ponerse en marcha y hacerse un nombre en muy poco tiempo.<\/p>\n<p>En esta etapa de su carrera, Violet Myers ha colaborado con algunas de las compa\u00f1\u00edas de pornograf\u00eda m\u00e1s exitosas del mundo, como Team Skeet, Many Vids, BangBros y m\u00e1s. All\u00ed, puedes verla actuar en g\u00e9neros como hardcore, latina, tr\u00edo, sexo grupal y muchos m\u00e1s.<\/p>\n<p>Con m\u00faltiples nominaciones a los premios AVN Fan Award, un seguimiento masivo en las redes sociales y millones de visitas a su biblioteca en constante crecimiento de pornograf\u00eda en l\u00ednea, es seguro decir que Violet Myers es un \u00e9xito total en la industria, en camino de alcanzar el estatus de estrella porno legendaria.<\/p>\n<ul>\n<li>Estilo: Vagina\u00a0<\/li>\n<li>Sensaci\u00f3n Fleshlight: Ethereal<\/li>\n<li>F\u00e1cil de usar y limpiar<\/li>\n<li>Material: Superskin<\/li>\n<li>Color: Flesh<\/li>\n<\/ul>","protected":false},"excerpt":{"rendered":"<p>FLESHLIGHT GIRLS VIOLET MYERS WAIFU<\/p>","protected":false},"featured_media":79743,"comment_status":"open","ping_status":"closed","template":"","meta":{"_monsterinsights_skip_tracking":false,"_monsterinsights_sitenote_active":false,"_monsterinsights_sitenote_note":"","_monsterinsights_sitenote_category":0,"_joinchat":[]},"product_brand":[],"product_cat":[1152,1160,1167,165,1168],"product_tag":[],"class_list":{"0":"post-79742","1":"product","2":"type-product","3":"status-publish","4":"has-post-thumbnail","6":"product_cat-juguetes-bienestar","7":"product_cat-juguetes-bienestar-juguetes-para-hombres","8":"product_cat-juguetes-bienestar-juguetes-para-hombresmasturbadores-para-ellos","9":"product_cat-novedades","10":"product_cat-juguetes-bienestar-juguetes-para-hombresvaginas-y-anos","11":"yith_product_brand-fleshlight","12":"yith_product_brand-fleshlightfleshlight-girls","14":"first","15":"instock","16":"taxable","17":"shipping-taxable","18":"purchasable","19":"product-type-simple"},"aioseo_notices":[],"_links":{"self":[{"href":"https:\/\/www.mysexualfantasy.eu\/en\/wp-json\/wp\/v2\/product\/79742","targetHints":{"allow":["GET"]}}],"collection":[{"href":"https:\/\/www.mysexualfantasy.eu\/en\/wp-json\/wp\/v2\/product"}],"about":[{"href":"https:\/\/www.mysexualfantasy.eu\/en\/wp-json\/wp\/v2\/types\/product"}],"replies":[{"embeddable":true,"href":"https:\/\/www.mysexualfantasy.eu\/en\/wp-json\/wp\/v2\/comments?post=79742"}],"wp:featuredmedia":[{"embeddable":true,"href":"https:\/\/www.mysexualfantasy.eu\/en\/wp-json\/wp\/v2\/media\/79743"}],"wp:attachment":[{"href":"https:\/\/www.mysexualfantasy.eu\/en\/wp-json\/wp\/v2\/media?parent=79742"}],"wp:term":[{"taxonomy":"product_brand","embeddable":true,"href":"https:\/\/www.mysexualfantasy.eu\/en\/wp-json\/wp\/v2\/product_brand?post=79742"},{"taxonomy":"product_cat","embeddable":true,"href":"https:\/\/www.mysexualfantasy.eu\/en\/wp-json\/wp\/v2\/product_cat?post=79742"},{"taxonomy":"product_tag","embeddable":true,"href":"https:\/\/www.mysexualfantasy.eu\/en\/wp-json\/wp\/v2\/product_tag?post=79742"}],"curies":[{"name":"wp","href":"https:\/\/api.w.org\/{rel}","templated":true}]}}