{"id":79787,"date":"2023-05-10T16:49:48","date_gmt":"2023-05-10T16:49:48","guid":{"rendered":"https:\/\/www.mysexualfantasy.eu\/?post_type=product&#038;p=79787"},"modified":"2023-12-06T15:30:51","modified_gmt":"2023-12-06T15:30:51","slug":"b-swish-bfit-classic-violeta","status":"publish","type":"product","link":"https:\/\/www.mysexualfantasy.eu\/en\/product\/b-swish-bfit-classic-violeta\/","title":{"rendered":"B SWISH &#8211; BFIT CLASSIC VIOLETA"},"content":{"rendered":"<p>Entrene su sensibilidad al placer con un entrenamiento personalizable. Las bolas de amor Bfit Classic, completas con cuatro pesos flotantes intercambiables, brindan sensaciones profundamente excitantes mientras entrena su piso p\u00e9lvico. Dos arneses con cuerdas de recuperaci\u00f3n ultradelgadas pero s\u00faper fuertes permiten el m\u00e1ximo comodidad y uso prolongado Comience con las pesas m\u00e1s ligeras de 28 g y avance hasta las pesas m\u00e1s pesadas de 38 g un total de 76 g para un entrenamiento de Kegel m\u00e1s fuerte.<\/p>\n<ul>\n<li>Materiales: Silicona, Pl\u00e1stico ABS, TPE<\/li>\n<li>Seguro para el cuerpo: S\u00ed<\/li>\n<li>Impermeable: S\u00ed<\/li>\n<li>Cuidado Jab\u00f3n y Agua<\/li>\n<li>Apto para parejas: S\u00ed<\/li>\n<li>Combinaci\u00f3n de lubricantes a base de agua<\/li>\n<li>Di\u00e1metro: 2,9 cm, 3,6 cm<\/li>\n<li>Longitud total: 7,8 cm, 9,3 cm<\/li>\n<\/ul>","protected":false},"excerpt":{"rendered":"<p>B SWISH &#8211; BFIT CLASSIC PURPLE<\/p>","protected":false},"featured_media":79788,"comment_status":"open","ping_status":"closed","template":"","meta":{"_monsterinsights_skip_tracking":false,"_monsterinsights_sitenote_active":false,"_monsterinsights_sitenote_note":"","_monsterinsights_sitenote_category":0,"_joinchat":[]},"product_brand":[],"product_cat":[1158,1264,1152],"product_tag":[],"class_list":{"0":"post-79787","1":"product","2":"type-product","3":"status-publish","4":"has-post-thumbnail","6":"product_cat-juguetes-bienestar-bolas","7":"product_cat-juguetes-bienestar-bolasbolas-basicas","8":"product_cat-juguetes-bienestar","9":"yith_product_brand-b-swish","11":"first","12":"instock","13":"taxable","14":"shipping-taxable","15":"purchasable","16":"product-type-simple"},"aioseo_notices":[],"_links":{"self":[{"href":"https:\/\/www.mysexualfantasy.eu\/en\/wp-json\/wp\/v2\/product\/79787","targetHints":{"allow":["GET"]}}],"collection":[{"href":"https:\/\/www.mysexualfantasy.eu\/en\/wp-json\/wp\/v2\/product"}],"about":[{"href":"https:\/\/www.mysexualfantasy.eu\/en\/wp-json\/wp\/v2\/types\/product"}],"replies":[{"embeddable":true,"href":"https:\/\/www.mysexualfantasy.eu\/en\/wp-json\/wp\/v2\/comments?post=79787"}],"wp:featuredmedia":[{"embeddable":true,"href":"https:\/\/www.mysexualfantasy.eu\/en\/wp-json\/wp\/v2\/media\/79788"}],"wp:attachment":[{"href":"https:\/\/www.mysexualfantasy.eu\/en\/wp-json\/wp\/v2\/media?parent=79787"}],"wp:term":[{"taxonomy":"product_brand","embeddable":true,"href":"https:\/\/www.mysexualfantasy.eu\/en\/wp-json\/wp\/v2\/product_brand?post=79787"},{"taxonomy":"product_cat","embeddable":true,"href":"https:\/\/www.mysexualfantasy.eu\/en\/wp-json\/wp\/v2\/product_cat?post=79787"},{"taxonomy":"product_tag","embeddable":true,"href":"https:\/\/www.mysexualfantasy.eu\/en\/wp-json\/wp\/v2\/product_tag?post=79787"}],"curies":[{"name":"wp","href":"https:\/\/api.w.org\/{rel}","templated":true}]}}