{"id":79806,"date":"2023-05-11T03:55:30","date_gmt":"2023-05-11T03:55:30","guid":{"rendered":"https:\/\/www.mysexualfantasy.eu\/?post_type=product&#038;p=79806"},"modified":"2023-12-06T15:01:15","modified_gmt":"2023-12-06T15:01:15","slug":"id-free-base-agua-hipoalergenico-8-5-floz","status":"publish","type":"product","link":"https:\/\/www.mysexualfantasy.eu\/en\/product\/id-free-base-agua-hipoalergenico-8-5-floz\/","title":{"rendered":"ID FREE &#8211; BASE AGUA HIPOALERG\u00c9NICO 255 ML"},"content":{"rendered":"<p>El lubricante ID Free est\u00e1 especialmente formulado para aumentar el placer y la comodidad personal para una experiencia \u00edntima memorable.\u00a0Ya sea que lo use solo o con o sin condones, ID Free Lubricant est\u00e1 dise\u00f1ado para reducir la fricci\u00f3n.\u00a0Al usar condones, la lubricaci\u00f3n adecuada ayuda a prolongar la integridad del cond\u00f3n y a aumentar la estimulaci\u00f3n general.<br \/>\u00a0<br \/>\u00a0<\/p>","protected":false},"excerpt":{"rendered":"<p>PACKAGING DISPONIBLE EN: \/es\/en\/fr\/il\/<\/p>","protected":false},"featured_media":79807,"comment_status":"open","ping_status":"closed","template":"","meta":{"_monsterinsights_skip_tracking":false,"_monsterinsights_sitenote_active":false,"_monsterinsights_sitenote_note":"","_monsterinsights_sitenote_category":0,"_joinchat":[]},"product_brand":[],"product_cat":[1207,1203,1206,165],"product_tag":[],"class_list":{"0":"post-79806","1":"product","2":"type-product","3":"status-publish","4":"has-post-thumbnail","6":"product_cat-drogueria-lubricantesbase-agua","7":"product_cat-drogueria","8":"product_cat-drogueria-lubricantes","9":"product_cat-novedades","10":"yith_product_brand-id-lubricantesid-free","11":"yith_product_brand-id-lubricantes","13":"first","14":"instock","15":"taxable","16":"shipping-taxable","17":"purchasable","18":"product-type-simple"},"aioseo_notices":[],"_links":{"self":[{"href":"https:\/\/www.mysexualfantasy.eu\/en\/wp-json\/wp\/v2\/product\/79806","targetHints":{"allow":["GET"]}}],"collection":[{"href":"https:\/\/www.mysexualfantasy.eu\/en\/wp-json\/wp\/v2\/product"}],"about":[{"href":"https:\/\/www.mysexualfantasy.eu\/en\/wp-json\/wp\/v2\/types\/product"}],"replies":[{"embeddable":true,"href":"https:\/\/www.mysexualfantasy.eu\/en\/wp-json\/wp\/v2\/comments?post=79806"}],"wp:featuredmedia":[{"embeddable":true,"href":"https:\/\/www.mysexualfantasy.eu\/en\/wp-json\/wp\/v2\/media\/79807"}],"wp:attachment":[{"href":"https:\/\/www.mysexualfantasy.eu\/en\/wp-json\/wp\/v2\/media?parent=79806"}],"wp:term":[{"taxonomy":"product_brand","embeddable":true,"href":"https:\/\/www.mysexualfantasy.eu\/en\/wp-json\/wp\/v2\/product_brand?post=79806"},{"taxonomy":"product_cat","embeddable":true,"href":"https:\/\/www.mysexualfantasy.eu\/en\/wp-json\/wp\/v2\/product_cat?post=79806"},{"taxonomy":"product_tag","embeddable":true,"href":"https:\/\/www.mysexualfantasy.eu\/en\/wp-json\/wp\/v2\/product_tag?post=79806"}],"curies":[{"name":"wp","href":"https:\/\/api.w.org\/{rel}","templated":true}]}}