{"id":79819,"date":"2023-05-11T18:56:39","date_gmt":"2023-05-11T18:56:39","guid":{"rendered":"https:\/\/www.mysexualfantasy.eu\/?post_type=product&#038;p=79819"},"modified":"2023-12-06T15:45:24","modified_gmt":"2023-12-06T15:45:24","slug":"pretty-love-doble-anilo-vibrador-con-estimulador-negro","status":"publish","type":"product","link":"https:\/\/www.mysexualfantasy.eu\/en\/product\/pretty-love-doble-anilo-vibrador-con-estimulador-negro\/","title":{"rendered":"PRETTY LOVE &#8211; DOBLE ANILLO VIBRADOR CON ESTIMULADOR NEGRO"},"content":{"rendered":"<p><span style=\"font-size: 13px;\">Prep\u00e1rate para jugar con el anillo para el pene de 10 funciones Pretty Love. <\/span><\/p>\n<p><span style=\"font-size: 13px;\">Con vibraciones s\u00faper poderosas y hecho de silicona suave, este anillo para el pene es el accesorio perfecto para tus juegos de dormitorio. M\u00e9tete en la cama con tu anillo vibrador de mariposa. <\/span><\/p>\n<p><span style=\"font-size: 13px;\">Dise\u00f1ado para mantenerlo como una mariposa toda la noche, el dise\u00f1o doble se ajusta c\u00f3modamente alrededor de la base de su pene y test\u00edculos. <\/span><\/p>\n<p><span style=\"font-size: 13px;\">Como el flujo de sangre se restringe suavemente, el resultado es una erecci\u00f3n m\u00e1s firme y completa y un placer m\u00e1s duradero. Lleva la diversi\u00f3n al siguiente nivel mientras enciendes las vibraciones y dejas que la mariposa roce los puntos dulces de tu pareja.<\/span><\/p>\n<p><span style=\"font-size: 13px;\">Peque\u00f1o, pero poderoso. Incre\u00edble para parejas y satisfacci\u00f3n en solitario. El vibrador de dedo recargable de 10 configuraciones Prettylove est\u00e1 hecho de silicona ultra suave, desliza este vibrador sobre tu dedo; las correas el\u00e1sticas brindan un ajuste ce\u00f1ido para ayudarlo a permanecer en su lugar. Encienda las vibraciones y dirija la estimulaci\u00f3n de manera experta exactamente donde lo desee.<\/span><\/p>\n<p>Pretty Love fabrica productos con altos est\u00e1ndares de calidad. 1 a\u00f1o de garant\u00eda por defectos t\u00e9cnicos.<\/p>","protected":false},"excerpt":{"rendered":"<p>PRETTY LOVE &#8211; DOUBLE RING VIBRATOR WITH BLACK STIMULATOR<\/p>","protected":false},"featured_media":79820,"comment_status":"open","ping_status":"closed","template":"","meta":{"_monsterinsights_skip_tracking":false,"_monsterinsights_sitenote_active":false,"_monsterinsights_sitenote_note":"","_monsterinsights_sitenote_category":0,"_joinchat":[]},"product_brand":[],"product_cat":[1170,1172,1171,1152,1160],"product_tag":[],"class_list":{"0":"post-79819","1":"product","2":"type-product","3":"status-publish","4":"has-post-thumbnail","6":"product_cat-juguetes-bienestar-juguetes-para-hombresaccesorios-para-el-pene","7":"product_cat-juguetes-bienestar-juguetes-para-hombresaccesorios-para-el-peneanillos-peneanillos-con-vibracion","8":"product_cat-juguetes-bienestar-juguetes-para-hombresaccesorios-para-el-peneanillos-pene","9":"product_cat-juguetes-bienestar","10":"product_cat-juguetes-bienestar-juguetes-para-hombres","11":"yith_product_brand-pretty-love","12":"yith_product_brand-pretty-lovepretty-love-male","14":"first","15":"instock","16":"taxable","17":"shipping-taxable","18":"purchasable","19":"product-type-simple"},"aioseo_notices":[],"_links":{"self":[{"href":"https:\/\/www.mysexualfantasy.eu\/en\/wp-json\/wp\/v2\/product\/79819","targetHints":{"allow":["GET"]}}],"collection":[{"href":"https:\/\/www.mysexualfantasy.eu\/en\/wp-json\/wp\/v2\/product"}],"about":[{"href":"https:\/\/www.mysexualfantasy.eu\/en\/wp-json\/wp\/v2\/types\/product"}],"replies":[{"embeddable":true,"href":"https:\/\/www.mysexualfantasy.eu\/en\/wp-json\/wp\/v2\/comments?post=79819"}],"wp:featuredmedia":[{"embeddable":true,"href":"https:\/\/www.mysexualfantasy.eu\/en\/wp-json\/wp\/v2\/media\/79820"}],"wp:attachment":[{"href":"https:\/\/www.mysexualfantasy.eu\/en\/wp-json\/wp\/v2\/media?parent=79819"}],"wp:term":[{"taxonomy":"product_brand","embeddable":true,"href":"https:\/\/www.mysexualfantasy.eu\/en\/wp-json\/wp\/v2\/product_brand?post=79819"},{"taxonomy":"product_cat","embeddable":true,"href":"https:\/\/www.mysexualfantasy.eu\/en\/wp-json\/wp\/v2\/product_cat?post=79819"},{"taxonomy":"product_tag","embeddable":true,"href":"https:\/\/www.mysexualfantasy.eu\/en\/wp-json\/wp\/v2\/product_tag?post=79819"}],"curies":[{"name":"wp","href":"https:\/\/api.w.org\/{rel}","templated":true}]}}