{"id":79917,"date":"2023-05-12T17:16:58","date_gmt":"2023-05-12T17:16:58","guid":{"rendered":"https:\/\/www.mysexualfantasy.eu\/?post_type=product&#038;p=79917"},"modified":"2023-12-06T15:46:34","modified_gmt":"2023-12-06T15:46:34","slug":"pretty-love-matias-engrosador-pene-natural","status":"publish","type":"product","link":"https:\/\/www.mysexualfantasy.eu\/en\/product\/pretty-love-matias-engrosador-pene-natural\/","title":{"rendered":"PRETTY LOVE &#8211; MATIAS ENGROSADOR PENE NATURAL"},"content":{"rendered":"<p>\u00a1Haz que tu pene sea m\u00e1s fuerte con la incre\u00edble funda para pene! Con un material TPR suave como la seda, la funda para el pene es suave y el\u00e1stica, pero lo suficientemente fuerte como para permanecer. . Tambi\u00e9n es adecuado para el entrenamiento progresivo de la potencia y la prolongaci\u00f3n del tiempo dulce al reducir la estimulaci\u00f3n en las partes sensibles del glande, lo que retrasa la eyaculaci\u00f3n. \u00a1Simplemente deslice esta manga de extensi\u00f3n de pene sobre su pene y dele la m\u00e1xima satisfacci\u00f3n!<\/p>\n<ul>\n<li>Impermeable: S\u00ed<\/li>\n<li>Material: TPR<\/li>\n<li>Color: 1002S color carne<\/li>\n<li>Tama\u00f1o del embalaje mm: 90*50*45<\/li>\n<\/ul>","protected":false},"excerpt":{"rendered":"<p>PRETTY LOVE &#8211; MATIAS PENIS THICKER FLESH<\/p>","protected":false},"featured_media":79918,"comment_status":"open","ping_status":"closed","template":"","meta":{"_monsterinsights_skip_tracking":false,"_monsterinsights_sitenote_active":false,"_monsterinsights_sitenote_note":"","_monsterinsights_sitenote_category":0,"_joinchat":[]},"product_brand":[],"product_cat":[1170,1184,1298,1152,1160,165],"product_tag":[],"class_list":{"0":"post-79917","1":"product","2":"type-product","3":"status-publish","4":"has-post-thumbnail","6":"product_cat-juguetes-bienestar-juguetes-para-hombresaccesorios-para-el-pene","7":"product_cat-juguetes-bienestar-juguetes-para-hombresaccesorios-para-el-peneextensiones-para-el-pene","8":"product_cat-juguetes-bienestar-juguetes-para-hombresaccesorios-para-el-penefundas","9":"product_cat-juguetes-bienestar","10":"product_cat-juguetes-bienestar-juguetes-para-hombres","11":"product_cat-novedades","12":"yith_product_brand-pretty-love","13":"yith_product_brand-pretty-lovepretty-love-male","15":"first","16":"instock","17":"taxable","18":"shipping-taxable","19":"purchasable","20":"product-type-simple"},"aioseo_notices":[],"_links":{"self":[{"href":"https:\/\/www.mysexualfantasy.eu\/en\/wp-json\/wp\/v2\/product\/79917","targetHints":{"allow":["GET"]}}],"collection":[{"href":"https:\/\/www.mysexualfantasy.eu\/en\/wp-json\/wp\/v2\/product"}],"about":[{"href":"https:\/\/www.mysexualfantasy.eu\/en\/wp-json\/wp\/v2\/types\/product"}],"replies":[{"embeddable":true,"href":"https:\/\/www.mysexualfantasy.eu\/en\/wp-json\/wp\/v2\/comments?post=79917"}],"wp:featuredmedia":[{"embeddable":true,"href":"https:\/\/www.mysexualfantasy.eu\/en\/wp-json\/wp\/v2\/media\/79918"}],"wp:attachment":[{"href":"https:\/\/www.mysexualfantasy.eu\/en\/wp-json\/wp\/v2\/media?parent=79917"}],"wp:term":[{"taxonomy":"product_brand","embeddable":true,"href":"https:\/\/www.mysexualfantasy.eu\/en\/wp-json\/wp\/v2\/product_brand?post=79917"},{"taxonomy":"product_cat","embeddable":true,"href":"https:\/\/www.mysexualfantasy.eu\/en\/wp-json\/wp\/v2\/product_cat?post=79917"},{"taxonomy":"product_tag","embeddable":true,"href":"https:\/\/www.mysexualfantasy.eu\/en\/wp-json\/wp\/v2\/product_tag?post=79917"}],"curies":[{"name":"wp","href":"https:\/\/api.w.org\/{rel}","templated":true}]}}