{"id":79923,"date":"2023-05-12T17:58:29","date_gmt":"2023-05-12T17:58:29","guid":{"rendered":"https:\/\/www.mysexualfantasy.eu\/?post_type=product&#038;p=79923"},"modified":"2023-12-06T16:12:37","modified_gmt":"2023-12-06T16:12:37","slug":"pretty-love-reese-vibrador-con-rotacion-plateado","status":"publish","type":"product","link":"https:\/\/www.mysexualfantasy.eu\/en\/product\/pretty-love-reese-vibrador-con-rotacion-plateado\/","title":{"rendered":"PRETTY LOVE &#8211; REESE VIBRADOR CON ROTACI\u00d3N PLATEADO"},"content":{"rendered":"<p>Vibrador de conejo con vibraci\u00f3n de varias velocidades, empuje y amp; \u00a1la rotaci\u00f3n estimula la vagina y el cl\u00edtoris al mismo tiempo! El vibrador de conejo de Pretty Love tiene una textura agradable y gira y gira profundamente dentro de la vagina mientras masajea el punto G. El cl\u00edtoris es estimulado al mismo tiempo por el estimulador flexible con vibraciones. Este programa de placer completo con vibraci\u00f3n, empuje y rotaci\u00f3n de m\u00faltiples velocidades se puede controlar f\u00e1cilmente con el bot\u00f3n de control. El vibrador se ajusta perfectamente a la anatom\u00eda femenina y est\u00e1 completamente hecho de un material de silicona suave y aterciopelado que se siente muy bien contra la piel durante el juego. Adem\u00e1s, el vibrador se puede recargar con el cable USB incluido.<\/p>\n<ul>\n<li>Funci\u00f3n: 12 funciones de vibraci\u00f3n\u00a04 funciones de rotaci\u00f3n\u00a04 configuraciones de empuje<\/li>\n<li>Alimentaci\u00f3n: USB recargable<\/li>\n<li>Material: silicona\u00a0ABS<\/li>\n<li>Color: 0702S Cristal<\/li>\n<li>Tama\u00f1o del embalaje mm: 270*117*52<\/li>\n<\/ul>","protected":false},"excerpt":{"rendered":"<p>PRETTY LOVE &#8211; REESE ROTATING VIBRATOR SILVER<\/p>","protected":false},"featured_media":79924,"comment_status":"open","ping_status":"closed","template":"","meta":{"_monsterinsights_skip_tracking":false,"_monsterinsights_sitenote_active":false,"_monsterinsights_sitenote_note":"","_monsterinsights_sitenote_category":0,"_joinchat":[]},"product_brand":[],"product_cat":[1193,1156,1152,1155,1165,165,1163,1194,1153],"product_tag":[],"class_list":{"0":"post-79923","1":"product","2":"type-product","3":"status-publish","4":"has-post-thumbnail","6":"product_cat-juguetes-bienestar-vibradores100-sumergible","7":"product_cat-juguetes-bienestar-juguetes-para-mujeresestimuladores","8":"product_cat-juguetes-bienestar","9":"product_cat-juguetes-bienestar-juguetes-para-mujeres","10":"product_cat-juguetes-bienestar-juguetes-para-mujeresmasturbadores-para-ellas","11":"product_cat-novedades","12":"product_cat-juguetes-bienestar-juguetes-para-mujeresestimuladorespara-clitoris","13":"product_cat-juguetes-bienestar-vibradoresrotadores-y-vibradores","14":"product_cat-juguetes-bienestar-vibradores","15":"yith_product_brand-pretty-love","16":"yith_product_brand-pretty-lovepretty-love-flirtation","18":"first","19":"instock","20":"taxable","21":"shipping-taxable","22":"purchasable","23":"product-type-simple"},"aioseo_notices":[],"_links":{"self":[{"href":"https:\/\/www.mysexualfantasy.eu\/en\/wp-json\/wp\/v2\/product\/79923","targetHints":{"allow":["GET"]}}],"collection":[{"href":"https:\/\/www.mysexualfantasy.eu\/en\/wp-json\/wp\/v2\/product"}],"about":[{"href":"https:\/\/www.mysexualfantasy.eu\/en\/wp-json\/wp\/v2\/types\/product"}],"replies":[{"embeddable":true,"href":"https:\/\/www.mysexualfantasy.eu\/en\/wp-json\/wp\/v2\/comments?post=79923"}],"wp:featuredmedia":[{"embeddable":true,"href":"https:\/\/www.mysexualfantasy.eu\/en\/wp-json\/wp\/v2\/media\/79924"}],"wp:attachment":[{"href":"https:\/\/www.mysexualfantasy.eu\/en\/wp-json\/wp\/v2\/media?parent=79923"}],"wp:term":[{"taxonomy":"product_brand","embeddable":true,"href":"https:\/\/www.mysexualfantasy.eu\/en\/wp-json\/wp\/v2\/product_brand?post=79923"},{"taxonomy":"product_cat","embeddable":true,"href":"https:\/\/www.mysexualfantasy.eu\/en\/wp-json\/wp\/v2\/product_cat?post=79923"},{"taxonomy":"product_tag","embeddable":true,"href":"https:\/\/www.mysexualfantasy.eu\/en\/wp-json\/wp\/v2\/product_tag?post=79923"}],"curies":[{"name":"wp","href":"https:\/\/api.w.org\/{rel}","templated":true}]}}