{"id":79935,"date":"2023-05-12T17:58:35","date_gmt":"2023-05-12T17:58:35","guid":{"rendered":"https:\/\/www.mysexualfantasy.eu\/?post_type=product&#038;p=79935"},"modified":"2023-12-06T16:12:39","modified_gmt":"2023-12-06T16:12:39","slug":"pretty-love-vibrador-estimulador-clitoris","status":"publish","type":"product","link":"https:\/\/www.mysexualfantasy.eu\/en\/product\/pretty-love-vibrador-estimulador-clitoris\/","title":{"rendered":"PRETTY LOVE &#8211; VIBRADOR ESTIMULADOR CLITORIS"},"content":{"rendered":"<p>Experimenta una estimulaci\u00f3n diferente a todo lo que has sentido antes con el vibrador para cl\u00edtoris Pretty Love. Con su dise\u00f1o \u00fanico, para brindar sensaciones mientras te roza. Internamente, la punta se curva suavemente para apuntar a tu punto G para un placer a\u00fan m\u00e1s profundo. Siente el poder de los dos movimientos mientras se asientan en el brazo externo y la punta del cuerpo, brindando estimulaci\u00f3n de manera experta donde m\u00e1s la deseas. Con 12 configuraciones de vibraci\u00f3n y 4 modos de ondulaci\u00f3n para elegir, descubra velocidades constantes y patrones de ondulaci\u00f3n que lo har\u00e1n gemir hasta llegar al orgasmo. Las primeras impresiones siempre son importantes, \u00a1y este vibrador impresiona incluso antes de que lo enciendas! La silicona es aterciopelada al tacto y se ve hermosa. Mientras tanto, la bater\u00eda recargable USB brinda una experiencia placentera de principio a fin.<\/p>\n<ul>\n<li>Funci\u00f3n: 12 funciones de vibraci\u00f3n\u00a0Funci\u00f3n de memoria\u00a04 ajustes para lamer<\/li>\n<li>Alimentaci\u00f3n: USB recargable<\/li>\n<li>Material: silicona<\/li>\n<li>Color: 0602S p\u00farpura<\/li>\n<li>Tama\u00f1o del embalaje mm: 238*100*48<\/li>\n<\/ul>","protected":false},"excerpt":{"rendered":"<p>PRETTY LOVE &#8211; CLITORIS VIBRATOR<\/p>","protected":false},"featured_media":79936,"comment_status":"open","ping_status":"closed","template":"","meta":{"_monsterinsights_skip_tracking":false,"_monsterinsights_sitenote_active":false,"_monsterinsights_sitenote_note":"","_monsterinsights_sitenote_category":0,"_joinchat":[]},"product_brand":[],"product_cat":[1193,1156,1152,1155,1165,165,1163,1194,1153],"product_tag":[],"class_list":{"0":"post-79935","1":"product","2":"type-product","3":"status-publish","4":"has-post-thumbnail","6":"product_cat-juguetes-bienestar-vibradores100-sumergible","7":"product_cat-juguetes-bienestar-juguetes-para-mujeresestimuladores","8":"product_cat-juguetes-bienestar","9":"product_cat-juguetes-bienestar-juguetes-para-mujeres","10":"product_cat-juguetes-bienestar-juguetes-para-mujeresmasturbadores-para-ellas","11":"product_cat-novedades","12":"product_cat-juguetes-bienestar-juguetes-para-mujeresestimuladorespara-clitoris","13":"product_cat-juguetes-bienestar-vibradoresrotadores-y-vibradores","14":"product_cat-juguetes-bienestar-vibradores","15":"yith_product_brand-pretty-love","16":"yith_product_brand-pretty-lovepretty-love-flirtation","18":"first","19":"instock","20":"taxable","21":"shipping-taxable","22":"purchasable","23":"product-type-simple"},"aioseo_notices":[],"_links":{"self":[{"href":"https:\/\/www.mysexualfantasy.eu\/en\/wp-json\/wp\/v2\/product\/79935","targetHints":{"allow":["GET"]}}],"collection":[{"href":"https:\/\/www.mysexualfantasy.eu\/en\/wp-json\/wp\/v2\/product"}],"about":[{"href":"https:\/\/www.mysexualfantasy.eu\/en\/wp-json\/wp\/v2\/types\/product"}],"replies":[{"embeddable":true,"href":"https:\/\/www.mysexualfantasy.eu\/en\/wp-json\/wp\/v2\/comments?post=79935"}],"wp:featuredmedia":[{"embeddable":true,"href":"https:\/\/www.mysexualfantasy.eu\/en\/wp-json\/wp\/v2\/media\/79936"}],"wp:attachment":[{"href":"https:\/\/www.mysexualfantasy.eu\/en\/wp-json\/wp\/v2\/media?parent=79935"}],"wp:term":[{"taxonomy":"product_brand","embeddable":true,"href":"https:\/\/www.mysexualfantasy.eu\/en\/wp-json\/wp\/v2\/product_brand?post=79935"},{"taxonomy":"product_cat","embeddable":true,"href":"https:\/\/www.mysexualfantasy.eu\/en\/wp-json\/wp\/v2\/product_cat?post=79935"},{"taxonomy":"product_tag","embeddable":true,"href":"https:\/\/www.mysexualfantasy.eu\/en\/wp-json\/wp\/v2\/product_tag?post=79935"}],"curies":[{"name":"wp","href":"https:\/\/api.w.org\/{rel}","templated":true}]}}