{"id":79978,"date":"2023-05-15T17:41:37","date_gmt":"2023-05-15T17:41:37","guid":{"rendered":"https:\/\/www.mysexualfantasy.eu\/?post_type=product&#038;p=79978"},"modified":"2023-12-06T17:26:11","modified_gmt":"2023-12-06T17:26:11","slug":"obsessive-heavenlly-panties-xs-s","status":"publish","type":"product","link":"https:\/\/www.mysexualfantasy.eu\/en\/product\/obsessive-heavenlly-panties-xs-s\/","title":{"rendered":"OBSESSIVE &#8211; HEAVENLLY PANTIES XS\/S"},"content":{"rendered":"<p>Las sensuales bragas Heavenly son tu camino hacia un d\u00eda exitoso y una noche a\u00fan m\u00e1s satisfactoria. Su corte enfatiza tus puntos fuertes, y el material transl\u00facido env\u00eda perfectamente se\u00f1ales coquetas al objeto de tus suspiros. \u00a1Completa tu look con otros productos de la misma colecci\u00f3n Heavenlly y si\u00e9ntete como en el cielo!<\/p>\n<p><strong>Ver m\u00e1s detalles:<\/strong><\/p>\n<ul>\n<li>bragas con corte brasile\u00f1o &#8211; gl\u00fateos bellamente enfatizados<\/li>\n<li>una combinaci\u00f3n de encaje floral y malla suave: un d\u00fao perfecto<\/li>\n<li>ribete de encaje<\/li>\n<li>colgante de plata en el frente: \u00a1un look fenomenal! 90% poliamida, 10% elastano<\/li>\n<\/ul>\n<p>\u00a0<\/p>\n<p>Obsessive significa inspiraci\u00f3n en la mujer!\u00a0 Elegancia, sensualidad, amor a la costura&#8230;.significa mucho para la mujer, pocos son los adjetivos que pueden calificar a Obsessive, donde una labor de a\u00f1os han conseguido unir la mejor relaci\u00f3n calidad-precio.<\/p>\n<p 1.5=\"box-sizing:=\" color:=\"font-size:=\" line-height:=\"margin-top:=\" roboto=\"\">\u00a1L\u00edderes mundiales en lencer\u00eda, nadie lo hace mejor!<\/p>\n<p>\u00a0<\/p>\n<p>\u00a0<\/p>\n<p style=\"text-align:\"><img decoding=\"async\" src=\"https:\/\/store.dreamlove.es\/UserFiles\/images\/SIZES.png\" style=\"text-align:\" \/><\/p>","protected":false},"excerpt":{"rendered":"<p>OBSESSIVE &#8211; HEAVENLLY PANTIES XS\/S<\/p>","protected":false},"featured_media":79980,"comment_status":"open","ping_status":"closed","template":"","meta":{"_monsterinsights_skip_tracking":false,"_monsterinsights_sitenote_active":false,"_monsterinsights_sitenote_note":"","_monsterinsights_sitenote_category":0,"_joinchat":[]},"product_brand":[],"product_cat":[1328,1325,1196,1199,1166],"product_tag":[],"class_list":{"0":"post-79978","1":"product","2":"type-product","3":"status-publish","4":"has-post-thumbnail","6":"product_cat-moda-lencerialenceria-mujerlenceria-sexybragas-sexysbragas","7":"product_cat-moda-lencerialenceria-mujerlenceria-sexybragas-sexys","8":"product_cat-moda-lencerialenceria-mujer","9":"product_cat-moda-lencerialenceria-mujerlenceria-sexy","10":"product_cat-moda-lenceria","11":"yith_product_brand-obsessive","12":"yith_product_brand-obsessiveobsessive-panties-thong","14":"first","15":"instock","16":"taxable","17":"shipping-taxable","18":"purchasable","19":"product-type-variable"},"aioseo_notices":[],"_links":{"self":[{"href":"https:\/\/www.mysexualfantasy.eu\/en\/wp-json\/wp\/v2\/product\/79978","targetHints":{"allow":["GET"]}}],"collection":[{"href":"https:\/\/www.mysexualfantasy.eu\/en\/wp-json\/wp\/v2\/product"}],"about":[{"href":"https:\/\/www.mysexualfantasy.eu\/en\/wp-json\/wp\/v2\/types\/product"}],"replies":[{"embeddable":true,"href":"https:\/\/www.mysexualfantasy.eu\/en\/wp-json\/wp\/v2\/comments?post=79978"}],"wp:featuredmedia":[{"embeddable":true,"href":"https:\/\/www.mysexualfantasy.eu\/en\/wp-json\/wp\/v2\/media\/79980"}],"wp:attachment":[{"href":"https:\/\/www.mysexualfantasy.eu\/en\/wp-json\/wp\/v2\/media?parent=79978"}],"wp:term":[{"taxonomy":"product_brand","embeddable":true,"href":"https:\/\/www.mysexualfantasy.eu\/en\/wp-json\/wp\/v2\/product_brand?post=79978"},{"taxonomy":"product_cat","embeddable":true,"href":"https:\/\/www.mysexualfantasy.eu\/en\/wp-json\/wp\/v2\/product_cat?post=79978"},{"taxonomy":"product_tag","embeddable":true,"href":"https:\/\/www.mysexualfantasy.eu\/en\/wp-json\/wp\/v2\/product_tag?post=79978"}],"curies":[{"name":"wp","href":"https:\/\/api.w.org\/{rel}","templated":true}]}}