{"id":80000,"date":"2023-05-15T17:41:43","date_gmt":"2023-05-15T17:41:43","guid":{"rendered":"https:\/\/www.mysexualfantasy.eu\/?post_type=product&#038;p=80000"},"modified":"2023-12-06T17:26:12","modified_gmt":"2023-12-06T17:26:12","slug":"obsessive-heavenlly-stockings-xs-s","status":"publish","type":"product","link":"https:\/\/www.mysexualfantasy.eu\/en\/product\/obsessive-heavenlly-stockings-xs-s\/","title":{"rendered":"OBSESSIVE &#8211; HEAVENLLY STOCKINGS XS\/S"},"content":{"rendered":"<p>Necesita medias autosuficientes para tareas especiales?<\/p>\n<p>Estas medias autosuficientes cuidar\u00e1n el aspecto sexy de tu cuerpo y tu perfecto bienestar. Funcionar\u00e1n tanto para el d\u00eda a d\u00eda, bajo un vestido sensual, como para la cama. De cualquier manera, \u00a1los placeres celestiales est\u00e1n absolutamente a tu alcance!<\/p>\n<p><strong>Ver m\u00e1s detalles:<\/strong><\/p>\n<ul>\n<li>medias autosuficientes: una soluci\u00f3n conveniente<\/li>\n<li>rematado con puntilla blanca con florecitas<\/li>\n<li>malla delicada y transl\u00facida en color carne<\/li>\n<li>tejidos agradables y flexibles 85% poliamida, 15% elastano<\/li>\n<\/ul>\n<p>\u00a0<\/p>\n<p>Obsessive significa inspiraci\u00f3n en la mujer!\u00a0 Elegancia, sensualidad, amor a la costura&#8230;.significa mucho para la mujer, pocos son los adjetivos que pueden calificar a Obsessive, donde una labor de a\u00f1os han conseguido unir la mejor relaci\u00f3n calidad-precio.<\/p>\n<p 1.5=\"box-sizing:=\" color:=\"font-size:=\" line-height:=\"margin-top:=\" roboto=\"\">\u00a1L\u00edderes mundiales en lencer\u00eda, nadie lo hace mejor!<\/p>\n<p>\u00a0<\/p>\n<p>\u00a0<\/p>\n<p style=\"text-align:\"><img decoding=\"async\" src=\"https:\/\/store.dreamlove.es\/UserFiles\/images\/SIZES.png\" style=\"text-align:\" \/><\/p>","protected":false},"excerpt":{"rendered":"<p>OBSESSIVE &#8211; HEAVENLLY STOCKINGS XS\/S<\/p>","protected":false},"featured_media":80002,"comment_status":"open","ping_status":"closed","template":"","meta":{"_monsterinsights_skip_tracking":false,"_monsterinsights_sitenote_active":false,"_monsterinsights_sitenote_note":"","_monsterinsights_sitenote_category":0,"_joinchat":[]},"product_brand":[],"product_cat":[1196,1199,1202,1166],"product_tag":[],"class_list":{"0":"post-80000","1":"product","2":"type-product","3":"status-publish","4":"has-post-thumbnail","6":"product_cat-moda-lencerialenceria-mujer","7":"product_cat-moda-lencerialenceria-mujerlenceria-sexy","8":"product_cat-moda-lencerialenceria-mujerlenceria-sexymedias","9":"product_cat-moda-lenceria","10":"yith_product_brand-obsessive","11":"yith_product_brand-obsessiveobsessive-bodystockings","13":"first","14":"instock","15":"taxable","16":"shipping-taxable","17":"purchasable","18":"product-type-variable"},"aioseo_notices":[],"_links":{"self":[{"href":"https:\/\/www.mysexualfantasy.eu\/en\/wp-json\/wp\/v2\/product\/80000","targetHints":{"allow":["GET"]}}],"collection":[{"href":"https:\/\/www.mysexualfantasy.eu\/en\/wp-json\/wp\/v2\/product"}],"about":[{"href":"https:\/\/www.mysexualfantasy.eu\/en\/wp-json\/wp\/v2\/types\/product"}],"replies":[{"embeddable":true,"href":"https:\/\/www.mysexualfantasy.eu\/en\/wp-json\/wp\/v2\/comments?post=80000"}],"wp:featuredmedia":[{"embeddable":true,"href":"https:\/\/www.mysexualfantasy.eu\/en\/wp-json\/wp\/v2\/media\/80002"}],"wp:attachment":[{"href":"https:\/\/www.mysexualfantasy.eu\/en\/wp-json\/wp\/v2\/media?parent=80000"}],"wp:term":[{"taxonomy":"product_brand","embeddable":true,"href":"https:\/\/www.mysexualfantasy.eu\/en\/wp-json\/wp\/v2\/product_brand?post=80000"},{"taxonomy":"product_cat","embeddable":true,"href":"https:\/\/www.mysexualfantasy.eu\/en\/wp-json\/wp\/v2\/product_cat?post=80000"},{"taxonomy":"product_tag","embeddable":true,"href":"https:\/\/www.mysexualfantasy.eu\/en\/wp-json\/wp\/v2\/product_tag?post=80000"}],"curies":[{"name":"wp","href":"https:\/\/api.w.org\/{rel}","templated":true}]}}