{"id":80101,"date":"2023-05-18T11:38:49","date_gmt":"2023-05-18T11:38:49","guid":{"rendered":"https:\/\/www.mysexualfantasy.eu\/?post_type=product&#038;p=80101"},"modified":"2023-12-06T16:19:59","modified_gmt":"2023-12-06T16:19:59","slug":"intt-vibration-ice","status":"publish","type":"product","link":"https:\/\/www.mysexualfantasy.eu\/en\/product\/intt-vibration-ice\/","title":{"rendered":"INTT &#8211; POTENTE ESTIMULANTE  \u00cdNTIMO GEL VIBRADOR EFECTO FR\u00cdO 15ML"},"content":{"rendered":"<p>Vibration Ice de INTT es un potente gel estimulante dise\u00f1ado especialmente para aportar sensaciones vibrantes en la zona \u00edntima.<\/p>\n<p>Se trata de un vibrador l\u00edquido que se aplica en la zona \u00edntima, ya sea en la vulva\/cl\u00edtoris como en el pene\/glande, y aporta sensaciones muy intensas. El Vibration Ice a\u00f1ade adem\u00e1s efecto hielo y sabor a menta. Totalmente apto para penetraci\u00f3n, masturbaci\u00f3n y gracias a su refrescante aroma y sabor a menta, hace muy agradable que sea besable mejorando as\u00ed la pr\u00e1ctica del sexo oral y abriendo un gran abanico de posibilidades de juego.<\/p>\n<p>Debe aplicarse una peque\u00f1a cantidad en la zona \u00edntima y masajear suavemente el producto.<\/p>\n<p>Viene en un c\u00f3modo y pr\u00e1ctico envase con dosificador de 15 ml.<\/p>\n<p>Caracter\u00edsticas principales:<\/p>\n<ul>\n<li>Gel estimulante.<\/li>\n<li>L\u00edquido vibrador.<\/li>\n<li>A\u00f1ade efecto hielo y aroma\/sabor a menta.<\/li>\n<li>Aumenta la sensibilidad de la zona \u00edntima.<\/li>\n<li>Besable.<\/li>\n<li>Apto para penetraci\u00f3n, masturbaci\u00f3n y sexo oral.<\/li>\n<li>Aporta gran opci\u00f3n de juego.<\/li>\n<li>Formato c\u00f3modo y pr\u00e1ctico.<\/li>\n<li>Con dosificador.<\/li>\n<li>Envase de 15 ml.<\/li>\n<\/ul>","protected":false},"excerpt":{"rendered":"<p>PACKAGING DISPONIBLE EN: \/es\/en\/fr\/de\/it\/pt\/<\/p>","protected":false},"featured_media":80102,"comment_status":"open","ping_status":"closed","template":"","meta":{"_monsterinsights_skip_tracking":false,"_monsterinsights_sitenote_active":false,"_monsterinsights_sitenote_note":"","_monsterinsights_sitenote_category":0,"_joinchat":[]},"product_brand":[],"product_cat":[1203,1209,1225,1360],"product_tag":[],"class_list":{"0":"post-80101","1":"product","2":"type-product","3":"status-publish","4":"has-post-thumbnail","6":"product_cat-drogueria","7":"product_cat-drogueria-estimulantes-para-ellas","8":"product_cat-drogueria-estimulantes-para-ellasintensificador-orgasmos","9":"product_cat-drogueria-estimulantes-para-ellasvibrador-liquido","10":"yith_product_brand-intt","11":"yith_product_brand-inttintt-unisex-arousal-gel","13":"first","14":"instock","15":"taxable","16":"shipping-taxable","17":"purchasable","18":"product-type-simple"},"aioseo_notices":[],"_links":{"self":[{"href":"https:\/\/www.mysexualfantasy.eu\/en\/wp-json\/wp\/v2\/product\/80101","targetHints":{"allow":["GET"]}}],"collection":[{"href":"https:\/\/www.mysexualfantasy.eu\/en\/wp-json\/wp\/v2\/product"}],"about":[{"href":"https:\/\/www.mysexualfantasy.eu\/en\/wp-json\/wp\/v2\/types\/product"}],"replies":[{"embeddable":true,"href":"https:\/\/www.mysexualfantasy.eu\/en\/wp-json\/wp\/v2\/comments?post=80101"}],"wp:featuredmedia":[{"embeddable":true,"href":"https:\/\/www.mysexualfantasy.eu\/en\/wp-json\/wp\/v2\/media\/80102"}],"wp:attachment":[{"href":"https:\/\/www.mysexualfantasy.eu\/en\/wp-json\/wp\/v2\/media?parent=80101"}],"wp:term":[{"taxonomy":"product_brand","embeddable":true,"href":"https:\/\/www.mysexualfantasy.eu\/en\/wp-json\/wp\/v2\/product_brand?post=80101"},{"taxonomy":"product_cat","embeddable":true,"href":"https:\/\/www.mysexualfantasy.eu\/en\/wp-json\/wp\/v2\/product_cat?post=80101"},{"taxonomy":"product_tag","embeddable":true,"href":"https:\/\/www.mysexualfantasy.eu\/en\/wp-json\/wp\/v2\/product_tag?post=80101"}],"curies":[{"name":"wp","href":"https:\/\/api.w.org\/{rel}","templated":true}]}}