{"id":80184,"date":"2023-05-18T11:45:04","date_gmt":"2023-05-18T11:45:04","guid":{"rendered":"https:\/\/www.mysexualfantasy.eu\/?post_type=product&#038;p=80184"},"modified":"2023-12-06T16:18:41","modified_gmt":"2023-12-06T16:18:41","slug":"intt-deep-throat","status":"publish","type":"product","link":"https:\/\/www.mysexualfantasy.eu\/en\/product\/intt-deep-throat\/","title":{"rendered":"INTT &#8211; SPRAY REFRESCANTE ORAL CON SABOR A MENTA"},"content":{"rendered":"<p>Deep Throat de INTT es un spray oral con efecto refrescante y un fresco sabor\/aroma a menta.<\/p>\n<p>Especialmente dise\u00f1ado para crear efecto fr\u00edo y suave hormigueo para potenciar los besos, los lametones en zonas sensibles del cuerpo y aportar\u00e1 sensaciones excitantes durante el sexo oral, aumentando as\u00ed las posibilidades de juego.<\/p>\n<p>Aplicar dos o tres pulverizaciones en el interior de la boca dos minutos antes de los juegos.<\/p>\n<p>Viene en un pr\u00e1ctico y ligero envase de 12 ml en formato spray.<\/p>\n<p>Caracter\u00edsticas principales:<\/p>\n<ul>\n<li>Spray bucal.<\/li>\n<li>Sabor refrescante a menta.<\/li>\n<li>Efecto fr\u00edo y cosquilleo.<\/li>\n<li>Ideal para los besos, lametones y sexo oral.<\/li>\n<li>Viene en una bonita y elegante caja.<\/li>\n<li>Envase c\u00f3modo y ligero.<\/li>\n<li>Envase de 10 ml.<\/li>\n<\/ul>","protected":false},"excerpt":{"rendered":"<p>INTT &#8211; ORAL REFRESHING SPRAY WITH MINT FLAVOR<\/p>","protected":false},"featured_media":80185,"comment_status":"open","ping_status":"closed","template":"","meta":{"_monsterinsights_skip_tracking":false,"_monsterinsights_sitenote_active":false,"_monsterinsights_sitenote_note":"","_monsterinsights_sitenote_category":0,"_joinchat":[]},"product_brand":[],"product_cat":[1203,1339],"product_tag":[],"class_list":{"0":"post-80184","1":"product","2":"type-product","3":"status-publish","4":"has-post-thumbnail","6":"product_cat-drogueria","7":"product_cat-drogueria-para-sexo-oral","8":"yith_product_brand-intt","9":"yith_product_brand-inttintt-unisex-arousal-gel","11":"first","12":"instock","13":"taxable","14":"shipping-taxable","15":"purchasable","16":"product-type-simple"},"aioseo_notices":[],"_links":{"self":[{"href":"https:\/\/www.mysexualfantasy.eu\/en\/wp-json\/wp\/v2\/product\/80184","targetHints":{"allow":["GET"]}}],"collection":[{"href":"https:\/\/www.mysexualfantasy.eu\/en\/wp-json\/wp\/v2\/product"}],"about":[{"href":"https:\/\/www.mysexualfantasy.eu\/en\/wp-json\/wp\/v2\/types\/product"}],"replies":[{"embeddable":true,"href":"https:\/\/www.mysexualfantasy.eu\/en\/wp-json\/wp\/v2\/comments?post=80184"}],"wp:featuredmedia":[{"embeddable":true,"href":"https:\/\/www.mysexualfantasy.eu\/en\/wp-json\/wp\/v2\/media\/80185"}],"wp:attachment":[{"href":"https:\/\/www.mysexualfantasy.eu\/en\/wp-json\/wp\/v2\/media?parent=80184"}],"wp:term":[{"taxonomy":"product_brand","embeddable":true,"href":"https:\/\/www.mysexualfantasy.eu\/en\/wp-json\/wp\/v2\/product_brand?post=80184"},{"taxonomy":"product_cat","embeddable":true,"href":"https:\/\/www.mysexualfantasy.eu\/en\/wp-json\/wp\/v2\/product_cat?post=80184"},{"taxonomy":"product_tag","embeddable":true,"href":"https:\/\/www.mysexualfantasy.eu\/en\/wp-json\/wp\/v2\/product_tag?post=80184"}],"curies":[{"name":"wp","href":"https:\/\/api.w.org\/{rel}","templated":true}]}}