{"id":80221,"date":"2023-05-23T18:21:00","date_gmt":"2023-05-23T18:21:00","guid":{"rendered":"https:\/\/www.mysexualfantasy.eu\/?post_type=product&#038;p=80221"},"modified":"2023-12-06T16:18:23","modified_gmt":"2023-12-06T16:18:23","slug":"fetish-submissive-actitude-arnes-ecopiel-espalda-hombre","status":"publish","type":"product","link":"https:\/\/www.mysexualfantasy.eu\/en\/product\/fetish-submissive-actitude-arnes-ecopiel-espalda-hombre\/","title":{"rendered":"FETISH SUBMISSIVE ATTITUDE &#8211; ARN\u00c9S ECOPIEL ESPALDA HOMBRE"},"content":{"rendered":"<p><span style=\"font-family: Lato, sans-serif; font-size: 14px;\">\u00a1Desata tu poder y domina la pista de baile con nuestro arn\u00e9s frontal para el pecho! Este arn\u00e9s frontal de estructura sexy est\u00e1 dise\u00f1ado para realzar la figura masculina y potenciar tu imagen sexual. Gracias a su material adaptable, es f\u00e1cil de poner y tiene un tallaje flexible que se ajusta perfectamente a tu cuerpo.<\/span><br style=\"box-sizing: border-box; font-family: Poppins, sans-serif; font-size: 14px;\" \/><br style=\"box-sizing: border-box; font-family: Poppins, sans-serif; font-size: 14px;\" \/><span style=\"font-family: Lato, sans-serif; font-size: 14px;\">El material \u00a0brinda un excelente ajuste al torso, permiti\u00e9ndote lucir impecable en cada movimiento. Sus correas m\u00faltiples te permiten un posicionamiento perfecto en los hombros y las \u00e1reas del pecho, resaltando tus atributos de manera \u00fanica.<\/span><br style=\"box-sizing: border-box; font-family: Poppins, sans-serif; font-size: 14px;\" \/><br style=\"box-sizing: border-box; font-family: Poppins, sans-serif; font-size: 14px;\" \/><span style=\"font-family: Lato, sans-serif; font-size: 14px;\">Este arn\u00e9s frontal ha sido orgullosamente dise\u00f1ado y confeccionado en Sevilla, cuna del estilo y la elegancia. Cada detalle ha sido cuidadosamente pensado para ofrecerte un producto de alta calidad y durabilidad.<\/span><br style=\"box-sizing: border-box; font-family: Poppins, sans-serif; font-size: 14px;\" \/><br style=\"box-sizing: border-box; font-family: Poppins, sans-serif; font-size: 14px;\" \/><span style=\"font-family: Lato, sans-serif; font-size: 14px;\">Si buscas destacar en cualquier evento o simplemente quieres a\u00f1adir un toque de sensualidad a tu look, nuestro arn\u00e9s frontal es la elecci\u00f3n perfecta. Con \u00e9l, podr\u00e1s desatar el poder de tu pecho y sentirte seguro de ti mismo, atrayendo todas las miradas.<\/span><br style=\"box-sizing: border-box; font-family: Poppins, sans-serif; font-size: 14px;\" \/><br style=\"box-sizing: border-box; font-family: Poppins, sans-serif; font-size: 14px;\" \/><span style=\"font-family: Lato, sans-serif; font-size: 14px;\">No pierdas la oportunidad de lucir incre\u00edble y marcar tendencia con nuestro arn\u00e9s frontal para el pecho. \u00a1Adqui\u00e9relo ahora y prep\u00e1rate para brillar en la pista de baile!<\/span><\/p>\n<ul>\n<li><span style=\"font-family: Lato, sans-serif; font-size: 14px;\">Talla Unica\u00a0 totalmente ajustable a todos los tama\u00f1os.\u00a0<\/span><\/li>\n<li><font face=\"Lato, sans-serif\"><span style=\"font-size: 14px;\">Fabricado en Cuero Vegano en un dise\u00f1o totalmente exclusivo.<\/span><\/font><\/li>\n<\/ul>","protected":false},"excerpt":{"rendered":"<p>FETISH SUBMISSIVE ATTITUDE &#8211; ECO LEATHER BACK STRAP HARNESS MEN<\/p>","protected":false},"featured_media":80222,"comment_status":"open","ping_status":"closed","template":"","meta":{"_monsterinsights_skip_tracking":false,"_monsterinsights_sitenote_active":false,"_monsterinsights_sitenote_note":"","_monsterinsights_sitenote_category":0,"_joinchat":[]},"product_brand":[],"product_cat":[1336,1252,1166],"product_tag":[],"class_list":{"0":"post-80221","1":"product","2":"type-product","3":"status-publish","4":"has-post-thumbnail","6":"product_cat-moda-lencerialenceria-hombrearneses-hombre","7":"product_cat-moda-lencerialenceria-hombre","8":"product_cat-moda-lenceria","9":"yith_product_brand-fetish-submissive","10":"yith_product_brand-fetish-submissivefetish-submissive-attitude","12":"first","13":"instock","14":"taxable","15":"shipping-taxable","16":"purchasable","17":"product-type-simple"},"aioseo_notices":[],"_links":{"self":[{"href":"https:\/\/www.mysexualfantasy.eu\/en\/wp-json\/wp\/v2\/product\/80221","targetHints":{"allow":["GET"]}}],"collection":[{"href":"https:\/\/www.mysexualfantasy.eu\/en\/wp-json\/wp\/v2\/product"}],"about":[{"href":"https:\/\/www.mysexualfantasy.eu\/en\/wp-json\/wp\/v2\/types\/product"}],"replies":[{"embeddable":true,"href":"https:\/\/www.mysexualfantasy.eu\/en\/wp-json\/wp\/v2\/comments?post=80221"}],"wp:featuredmedia":[{"embeddable":true,"href":"https:\/\/www.mysexualfantasy.eu\/en\/wp-json\/wp\/v2\/media\/80222"}],"wp:attachment":[{"href":"https:\/\/www.mysexualfantasy.eu\/en\/wp-json\/wp\/v2\/media?parent=80221"}],"wp:term":[{"taxonomy":"product_brand","embeddable":true,"href":"https:\/\/www.mysexualfantasy.eu\/en\/wp-json\/wp\/v2\/product_brand?post=80221"},{"taxonomy":"product_cat","embeddable":true,"href":"https:\/\/www.mysexualfantasy.eu\/en\/wp-json\/wp\/v2\/product_cat?post=80221"},{"taxonomy":"product_tag","embeddable":true,"href":"https:\/\/www.mysexualfantasy.eu\/en\/wp-json\/wp\/v2\/product_tag?post=80221"}],"curies":[{"name":"wp","href":"https:\/\/api.w.org\/{rel}","templated":true}]}}