{"id":80226,"date":"2023-05-23T18:21:05","date_gmt":"2023-05-23T18:21:05","guid":{"rendered":"https:\/\/www.mysexualfantasy.eu\/?post_type=product&#038;p=80226"},"modified":"2023-12-06T16:18:23","modified_gmt":"2023-12-06T16:18:23","slug":"fetish-submissive-actitude-arnes-ecopiel-forma-de-v-hombre","status":"publish","type":"product","link":"https:\/\/www.mysexualfantasy.eu\/en\/product\/fetish-submissive-actitude-arnes-ecopiel-forma-de-v-hombre\/","title":{"rendered":"FETISH SUBMISSIVE ATTITUDE &#8211; ARN\u00c9S ECOPIEL FORMA DE V HOMBRE"},"content":{"rendered":"<p>Arn\u00e9s 100% cuero vegano, f\u00e1cil de poner y de tallaje flexible gracias al material adaptable. Luce este impresionante Arn\u00e9s de Fetish Submissive Addict Actitude. Dise\u00f1ado y fabricado en Amsterdam Nuestro modelo lleva es talla \u00fanica y se adapta a todos los tama\u00f1os.<\/p>\n<p>\u00a1Descubre y explora nuestros dise\u00f1os en Harness totalmente atractivos y encuentra la pr\u00f3xima pieza sexy que usar\u00e1s la pr\u00f3xima vez que suba la temperatura!<\/p>\n<p>La marca FESTISH SUBMISSIVE es \u00fanica y patentada, \u00a0\u00a0va mucho m\u00e1s all\u00e1, incluso te dar\u00e1 sugerencias sobre nuevos estilos, ayudando a que tu fantas\u00eda fetichista pase a un siguiente nivel, uno al que quiz\u00e1s no esperabas que te atrevieras. FESTISH SUBMISSIVE tiene un uso emocionante que no solo te hace sentir caliente y excitado, sino que crea mucha confianza adicional, ya seas ese maestro dominante o est\u00e1s en una posici\u00f3n sumisa; cualquier juego de rol se puede encontrar aqu\u00ed.<\/p>\n<p>En FESTISH SUBMISSIVE no creamos para un hombre gay estereotipado porque esto simplemente no existe: dise\u00f1amos con orgullo para la comunidad LGBTIQ+ en su sentido m\u00e1s amplio y para cualquier tipo de subcultura. No importa cu\u00e1l sea su preferencia o deseo (secreto), tenemos la colecci\u00f3n de Harneses \u00a0perfecta para hombres<\/p>\n<p>Simplemente creamos la ropa fetichista m\u00e1s c\u00f3moda para ti y sexual para hombres!<\/p>","protected":false},"excerpt":{"rendered":"<p>FETISH SUBMISSIVE ATTITUDE &#8211; ECO LEATHER BODY STRAP HARNESS MEN<\/p>","protected":false},"featured_media":80227,"comment_status":"open","ping_status":"closed","template":"","meta":{"_monsterinsights_skip_tracking":false,"_monsterinsights_sitenote_active":false,"_monsterinsights_sitenote_note":"","_monsterinsights_sitenote_category":0,"_joinchat":[]},"product_brand":[],"product_cat":[1336,1252,1166],"product_tag":[],"class_list":{"0":"post-80226","1":"product","2":"type-product","3":"status-publish","4":"has-post-thumbnail","6":"product_cat-moda-lencerialenceria-hombrearneses-hombre","7":"product_cat-moda-lencerialenceria-hombre","8":"product_cat-moda-lenceria","9":"yith_product_brand-fetish-submissive","10":"yith_product_brand-fetish-submissivefetish-submissive-attitude","12":"first","13":"instock","14":"taxable","15":"shipping-taxable","16":"purchasable","17":"product-type-simple"},"aioseo_notices":[],"_links":{"self":[{"href":"https:\/\/www.mysexualfantasy.eu\/en\/wp-json\/wp\/v2\/product\/80226","targetHints":{"allow":["GET"]}}],"collection":[{"href":"https:\/\/www.mysexualfantasy.eu\/en\/wp-json\/wp\/v2\/product"}],"about":[{"href":"https:\/\/www.mysexualfantasy.eu\/en\/wp-json\/wp\/v2\/types\/product"}],"replies":[{"embeddable":true,"href":"https:\/\/www.mysexualfantasy.eu\/en\/wp-json\/wp\/v2\/comments?post=80226"}],"wp:featuredmedia":[{"embeddable":true,"href":"https:\/\/www.mysexualfantasy.eu\/en\/wp-json\/wp\/v2\/media\/80227"}],"wp:attachment":[{"href":"https:\/\/www.mysexualfantasy.eu\/en\/wp-json\/wp\/v2\/media?parent=80226"}],"wp:term":[{"taxonomy":"product_brand","embeddable":true,"href":"https:\/\/www.mysexualfantasy.eu\/en\/wp-json\/wp\/v2\/product_brand?post=80226"},{"taxonomy":"product_cat","embeddable":true,"href":"https:\/\/www.mysexualfantasy.eu\/en\/wp-json\/wp\/v2\/product_cat?post=80226"},{"taxonomy":"product_tag","embeddable":true,"href":"https:\/\/www.mysexualfantasy.eu\/en\/wp-json\/wp\/v2\/product_tag?post=80226"}],"curies":[{"name":"wp","href":"https:\/\/api.w.org\/{rel}","templated":true}]}}