{"id":80285,"date":"2023-05-23T20:38:52","date_gmt":"2023-05-23T20:38:52","guid":{"rendered":"https:\/\/www.mysexualfantasy.eu\/?post_type=product&#038;p=80285"},"modified":"2023-12-06T15:46:26","modified_gmt":"2023-12-06T15:46:26","slug":"hidden-desire-banger-babe-pamela","status":"publish","type":"product","link":"https:\/\/www.mysexualfantasy.eu\/en\/product\/hidden-desire-banger-babe-pamela\/","title":{"rendered":"HIDDEN DESIRE &#8211; BANGER BABE PAMELA"},"content":{"rendered":"<p>Hola, soy Pamela, una bomba tetona a la que le encanta ser promiscua. Algunos pueden llamarme un poco ninf\u00f3mana, pero simplemente no puedo evitarlo: siempre quiero m\u00e1s. Mi apetito por la pasi\u00f3n y el placer es muy fuerte, por lo que necesito un hombre que pueda ayudar a alimentar mis antojos traviesos. Oral, anal, cualquier agujero: ser\u00e1s mi regalo especial y duro como una roca? Especificaciones: N\u00famero de calzado: 36 UE  Talla de ropa: S, M &#8211; UE 36\/38  Busto: 95cm  Tama\u00f1o de la cintura: 54 cm  Medida cadera: 97 cm.<\/p>\n<p>Pamela es una gran mu\u00f1eca de amor de tama\u00f1o real hecha de materiales de primera calidad como TPE suave. El dise\u00f1o presenta un esqueleto de acero resistente para una m\u00e1xima durabilidad y uso independiente, y flexibilidad para colocar la mu\u00f1eca en la posici\u00f3n que elija. Cada dama de Bangers Babes presenta canales realistas con textura oral, vaginal y anal que se pueden calentar si se desea. Otros detalles realistas incluyen postizos de calidad, u\u00f1as falsas y rasgos faciales delicados. Cumpliendo con un est\u00e1ndar de calidad excepcional, esta encantadora dama ser\u00e1 su juguete favorito durante muchos a\u00f1os.<\/p>\n<p>\u00a1Esta mu\u00f1eca de lujo viene con una amplia gama de accesorios para que tu dama luzca y se sienta lo mejor posible en todo momento! En el paquete se incluyen dos conjuntos de lencer\u00eda traviesa, limpiador de juguetes S8 Quality, lubricante S8 Silky, polvo S8 Renewal, guantes de algod\u00f3n blanco para mover\/manipular la mu\u00f1eca, un juego de u\u00f1as de repuesto, una varita calefactora USB, un irrigador limpiador, un cepillo para el cabello y extensas instrucciones de cuidado. \u00a1Si quieres el trato real, este Bangers Babe es tu pareja perfecta y placentera! Tenga en cuenta que, debido a su tama\u00f1o y peso, este art\u00edculo no viene en un embalaje de producto convencional y, en cambio, se enviar\u00e1 en una caja de cart\u00f3n discreta.<\/p>\n<p><strong>CARACTERISTICAS<\/strong><\/p>\n<ul>\n<li>Longitud total: 161\u00a0cm<\/li>\n<li>Longitud insertable: Profundidad vaginal: 18 cm  Profundidad anal: 18 cm  Profundidad bucal: 15 cm<\/li>\n<li>Resistencia al agua: Impermeable<\/li>\n<li>Seguro para el cuerpo: S\u00ed<\/li>\n<li>Material: TPE<\/li>\n<\/ul>\n<p>La colecci\u00f3n Banger Babes es una gama premium de mu\u00f1ecas de amor de tama\u00f1o real, \u00a1que realmente se ven y se sienten como si fueran reales! Estas damas sexys siempre est\u00e1n listas para una sesi\u00f3n sensacional de diversi\u00f3n \u00edntima y nunca dir\u00e1n que no a tus peticiones traviesas. Su construcci\u00f3n premium garantiza que puedas doblarlos en una variedad de posiciones sexuales, mientras que sus agujeros de amor realistas tienen una textura sensual para la m\u00e1xima satisfacci\u00f3n. Las Banger Babes se adhieren a los m\u00e1s altos est\u00e1ndares de calidad en mu\u00f1ecas de amor y quieren ser su nuevo juguete favorito para muchas sesiones sexys por venir. \u00a1V\u00edstelos elegante o informalmente, como desees y explora sus cuerpos atractivos, agujeros de amor y curvas placenteras cuando y donde quieras!<\/p>","protected":false},"excerpt":{"rendered":"<p>HIDDEN DESIRE &#8211; BANGER BABE PAMELA<\/p>","protected":false},"featured_media":80286,"comment_status":"open","ping_status":"closed","template":"","meta":{"_monsterinsights_skip_tracking":false,"_monsterinsights_sitenote_active":false,"_monsterinsights_sitenote_note":"","_monsterinsights_sitenote_category":0,"_joinchat":[]},"product_brand":[],"product_cat":[1152,1160,1167,1169,165,1168],"product_tag":[],"class_list":{"0":"post-80285","1":"product","2":"type-product","3":"status-publish","4":"has-post-thumbnail","6":"product_cat-juguetes-bienestar","7":"product_cat-juguetes-bienestar-juguetes-para-hombres","8":"product_cat-juguetes-bienestar-juguetes-para-hombresmasturbadores-para-ellos","9":"product_cat-juguetes-bienestar-munecs-tamano-real","10":"product_cat-novedades","11":"product_cat-juguetes-bienestar-juguetes-para-hombresvaginas-y-anos","12":"yith_product_brand-hidden-desire","14":"first","15":"instock","16":"taxable","17":"shipping-taxable","18":"purchasable","19":"product-type-simple"},"aioseo_notices":[],"_links":{"self":[{"href":"https:\/\/www.mysexualfantasy.eu\/en\/wp-json\/wp\/v2\/product\/80285","targetHints":{"allow":["GET"]}}],"collection":[{"href":"https:\/\/www.mysexualfantasy.eu\/en\/wp-json\/wp\/v2\/product"}],"about":[{"href":"https:\/\/www.mysexualfantasy.eu\/en\/wp-json\/wp\/v2\/types\/product"}],"replies":[{"embeddable":true,"href":"https:\/\/www.mysexualfantasy.eu\/en\/wp-json\/wp\/v2\/comments?post=80285"}],"wp:featuredmedia":[{"embeddable":true,"href":"https:\/\/www.mysexualfantasy.eu\/en\/wp-json\/wp\/v2\/media\/80286"}],"wp:attachment":[{"href":"https:\/\/www.mysexualfantasy.eu\/en\/wp-json\/wp\/v2\/media?parent=80285"}],"wp:term":[{"taxonomy":"product_brand","embeddable":true,"href":"https:\/\/www.mysexualfantasy.eu\/en\/wp-json\/wp\/v2\/product_brand?post=80285"},{"taxonomy":"product_cat","embeddable":true,"href":"https:\/\/www.mysexualfantasy.eu\/en\/wp-json\/wp\/v2\/product_cat?post=80285"},{"taxonomy":"product_tag","embeddable":true,"href":"https:\/\/www.mysexualfantasy.eu\/en\/wp-json\/wp\/v2\/product_tag?post=80285"}],"curies":[{"name":"wp","href":"https:\/\/api.w.org\/{rel}","templated":true}]}}