{"id":8030,"date":"2023-01-13T12:36:40","date_gmt":"2023-01-13T12:36:40","guid":{"rendered":"https:\/\/www.mysexualfantasy.eu\/?post_type=product&#038;p=8030"},"modified":"2023-12-06T16:20:11","modified_gmt":"2023-12-06T16:20:11","slug":"lubricante-efecto-frio-fleshlube-100-ml","status":"publish","type":"product","link":"https:\/\/www.mysexualfantasy.eu\/en\/product\/lubricante-efecto-frio-fleshlube-100-ml\/","title":{"rendered":"LUBRICANTE EFECTO FRIO FLESHLUBE 100 ML"},"content":{"rendered":"<p>Fleshlube es un gel suavizante de base acuosa que proporciona una agradable sensacion de emoliencia y frescor en la zona aplicada<\/p>\n<p>Gracias a su f\u00f3rmula a base de agua e ingredientes de la m\u00e1xima calidad, tiene una textura \u00fanica, de tacto sedoso y natural, de agradable aplicaci\u00f3n y f\u00e1cil limpieza.<\/p>\n<p>Fleslube Water sus principales caracteristicas son;<\/p>\n<ul>\n<li>Delicado con las pieles sensibles.<\/li>\n<li>Testado Dermatol\u00f3gicamente.<\/li>\n<li>Hipoalerg\u00e9nico y Natural.<\/li>\n<li>Libre de Parabenes.<\/li>\n<li>Efecto Frio.<\/li>\n<\/ul>\n<p>Envase de 100 ml.<\/p>\n<p>\u00a0<\/p>","protected":false},"excerpt":{"rendered":"<p>FLESHLUBE ICE 100 ML<\/p>","protected":false},"featured_media":52173,"comment_status":"open","ping_status":"closed","template":"","meta":{"_monsterinsights_skip_tracking":false,"_monsterinsights_sitenote_active":false,"_monsterinsights_sitenote_note":"","_monsterinsights_sitenote_category":0,"_joinchat":[]},"product_brand":[],"product_cat":[1203,1365,1206],"product_tag":[],"class_list":{"0":"post-8030","1":"product","2":"type-product","3":"status-publish","4":"has-post-thumbnail","6":"product_cat-drogueria","7":"product_cat-drogueria-lubricantesefecto-frio","8":"product_cat-drogueria-lubricantes","9":"yith_product_brand-fleshlight","11":"first","12":"instock","13":"taxable","14":"shipping-taxable","15":"purchasable","16":"product-type-simple"},"aioseo_notices":[],"_links":{"self":[{"href":"https:\/\/www.mysexualfantasy.eu\/en\/wp-json\/wp\/v2\/product\/8030","targetHints":{"allow":["GET"]}}],"collection":[{"href":"https:\/\/www.mysexualfantasy.eu\/en\/wp-json\/wp\/v2\/product"}],"about":[{"href":"https:\/\/www.mysexualfantasy.eu\/en\/wp-json\/wp\/v2\/types\/product"}],"replies":[{"embeddable":true,"href":"https:\/\/www.mysexualfantasy.eu\/en\/wp-json\/wp\/v2\/comments?post=8030"}],"wp:featuredmedia":[{"embeddable":true,"href":"https:\/\/www.mysexualfantasy.eu\/en\/wp-json\/wp\/v2\/media\/52173"}],"wp:attachment":[{"href":"https:\/\/www.mysexualfantasy.eu\/en\/wp-json\/wp\/v2\/media?parent=8030"}],"wp:term":[{"taxonomy":"product_brand","embeddable":true,"href":"https:\/\/www.mysexualfantasy.eu\/en\/wp-json\/wp\/v2\/product_brand?post=8030"},{"taxonomy":"product_cat","embeddable":true,"href":"https:\/\/www.mysexualfantasy.eu\/en\/wp-json\/wp\/v2\/product_cat?post=8030"},{"taxonomy":"product_tag","embeddable":true,"href":"https:\/\/www.mysexualfantasy.eu\/en\/wp-json\/wp\/v2\/product_tag?post=8030"}],"curies":[{"name":"wp","href":"https:\/\/api.w.org\/{rel}","templated":true}]}}