{"id":8158,"date":"2023-01-13T13:27:25","date_gmt":"2023-01-13T13:27:25","guid":{"rendered":"https:\/\/www.mysexualfantasy.eu\/?post_type=product&#038;p=8158"},"modified":"2023-12-06T15:34:07","modified_gmt":"2023-12-06T15:34:07","slug":"screaming-o-wow-ring-azul","status":"publish","type":"product","link":"https:\/\/www.mysexualfantasy.eu\/en\/product\/screaming-o-wow-ring-azul\/","title":{"rendered":"SCREAMING O WOW RING AZUL"},"content":{"rendered":"<p>El anillo Screaming O Wow pontenciar\u00e1 tu erecci\u00f3n a la vez que te estimular\u00e1 con su potente motor, gracias a su elasticidad conseguiras mantener una erecci\u00f3n mas fuerte.<\/p>\n<p>Potenciar\u00e1 tu erecci\u00f3n ademas de estimular el clitoris con su diamante.<\/p>\n<p>Sus principales caracteristicas son;<\/p>\n<ul>\n<li>Suave textura para una elegante sensaci\u00f3n<\/li>\n<li>100% Silicona\u00a0 de phalatos<\/li>\n<li>Sumergible \/ apto para la ducha o el Spa.<\/li>\n<li>Se adapta a todos los tama\u00f1os de pene<\/li>\n<li>Boton facil uso on\/off<\/li>\n<\/ul>\n<p>Funciona con pilas AG13\/ LR44 que estan incluidas, adem\u00e1s tambien las podras encontrar en nuestra secci\u00f3n Pilas.<\/p>\n<p>Cada juego de pilas cargado ofrec 80 minutos de baterias<\/p>\n<p>Screaming O ofrece dise\u00f1o, calidad y diversi\u00f3n asegurada, en una marca americana l\u00edder en ventas.<\/p>","protected":false},"excerpt":{"rendered":"<p>SCREAMING O WOW RING BLUE<\/p>","protected":false},"featured_media":59492,"comment_status":"open","ping_status":"closed","template":"","meta":{"_monsterinsights_skip_tracking":false,"_monsterinsights_sitenote_active":false,"_monsterinsights_sitenote_note":"","_monsterinsights_sitenote_category":0,"_joinchat":[]},"product_brand":[],"product_cat":[1170,1172,1171,1152,1160],"product_tag":[],"class_list":{"0":"post-8158","1":"product","2":"type-product","3":"status-publish","4":"has-post-thumbnail","6":"product_cat-juguetes-bienestar-juguetes-para-hombresaccesorios-para-el-pene","7":"product_cat-juguetes-bienestar-juguetes-para-hombresaccesorios-para-el-peneanillos-peneanillos-con-vibracion","8":"product_cat-juguetes-bienestar-juguetes-para-hombresaccesorios-para-el-peneanillos-pene","9":"product_cat-juguetes-bienestar","10":"product_cat-juguetes-bienestar-juguetes-para-hombres","11":"yith_product_brand-screaming-o","13":"first","14":"instock","15":"taxable","16":"shipping-taxable","17":"purchasable","18":"product-type-simple"},"aioseo_notices":[],"_links":{"self":[{"href":"https:\/\/www.mysexualfantasy.eu\/en\/wp-json\/wp\/v2\/product\/8158","targetHints":{"allow":["GET"]}}],"collection":[{"href":"https:\/\/www.mysexualfantasy.eu\/en\/wp-json\/wp\/v2\/product"}],"about":[{"href":"https:\/\/www.mysexualfantasy.eu\/en\/wp-json\/wp\/v2\/types\/product"}],"replies":[{"embeddable":true,"href":"https:\/\/www.mysexualfantasy.eu\/en\/wp-json\/wp\/v2\/comments?post=8158"}],"wp:featuredmedia":[{"embeddable":true,"href":"https:\/\/www.mysexualfantasy.eu\/en\/wp-json\/wp\/v2\/media\/59492"}],"wp:attachment":[{"href":"https:\/\/www.mysexualfantasy.eu\/en\/wp-json\/wp\/v2\/media?parent=8158"}],"wp:term":[{"taxonomy":"product_brand","embeddable":true,"href":"https:\/\/www.mysexualfantasy.eu\/en\/wp-json\/wp\/v2\/product_brand?post=8158"},{"taxonomy":"product_cat","embeddable":true,"href":"https:\/\/www.mysexualfantasy.eu\/en\/wp-json\/wp\/v2\/product_cat?post=8158"},{"taxonomy":"product_tag","embeddable":true,"href":"https:\/\/www.mysexualfantasy.eu\/en\/wp-json\/wp\/v2\/product_tag?post=8158"}],"curies":[{"name":"wp","href":"https:\/\/api.w.org\/{rel}","templated":true}]}}