{"id":8175,"date":"2023-01-13T11:51:15","date_gmt":"2023-01-13T11:51:15","guid":{"rendered":"https:\/\/www.mysexualfantasy.eu\/?post_type=product&#038;p=8175"},"modified":"2023-12-06T15:57:05","modified_gmt":"2023-12-06T15:57:05","slug":"screaming-o-fing-os-tingly-azul","status":"publish","type":"product","link":"https:\/\/www.mysexualfantasy.eu\/en\/product\/screaming-o-fing-os-tingly-azul\/","title":{"rendered":"SCREAMING O FING O&#8217;S TINGLY AZUL"},"content":{"rendered":"<p>El fingO destaca por su poderosa bala vibradora\u00a0 que podr\u00e1s llevar discretamente\u00a0 a cualquier lugar.<\/p>\n<p>Coloca fing O en tu dedo y masajea suavemente tus zonas erogenas potenciando la estimulaci\u00f3n.<\/p>\n<p>Con un dise\u00f1o completamente ergonomico podr\u00e1s seleccionar entre tres diferentes texturas en los tres modelos disponibles de Fing O.<\/p>\n<p>Sus principales caracteristicas son;<\/p>\n<ul>\n<li>Dise\u00f1o ergonimico texturizado<\/li>\n<li>100% Silicona<\/li>\n<li>6.5 cm largo x 4 cm de ancho<\/li>\n<li>Sumergible<\/li>\n<\/ul>\n<p>La funda se puede separar\u00a0 de la bala vibradora y utilizar por separado como dedal estimulador sin vibraci\u00f3n o bala vibradora sin funda.<\/p>\n<p>Funciona con pilas AG13 \/ LR44 que estan incluidas, adem\u00e1s tambien las podras encontrar en nuestra secci\u00f3n Pilas.<\/p>\n<p>Cada juego de pilas cargado ofrece 80 minutos de bateria.<\/p>\n<p>Screaming O ofrece dise\u00f1o, calidad y diversi\u00f3n asegurada, en una marca americana l\u00edder en ventas.<\/p>","protected":false},"excerpt":{"rendered":"<p>SCREAMING O FING O&#8217;S TINGLY BLUE<\/p>","protected":false},"featured_media":44186,"comment_status":"open","ping_status":"closed","template":"","meta":{"_monsterinsights_skip_tracking":false,"_monsterinsights_sitenote_active":false,"_monsterinsights_sitenote_note":"","_monsterinsights_sitenote_category":0,"_joinchat":[]},"product_brand":[],"product_cat":[1193,1156,1152,1155,1165,1294,1153],"product_tag":[],"class_list":{"0":"post-8175","1":"product","2":"type-product","3":"status-publish","4":"has-post-thumbnail","6":"product_cat-juguetes-bienestar-vibradores100-sumergible","7":"product_cat-juguetes-bienestar-juguetes-para-mujeresestimuladores","8":"product_cat-juguetes-bienestar","9":"product_cat-juguetes-bienestar-juguetes-para-mujeres","10":"product_cat-juguetes-bienestar-juguetes-para-mujeresmasturbadores-para-ellas","11":"product_cat-juguetes-bienestar-vibradoresmini-vibradores","12":"product_cat-juguetes-bienestar-vibradores","13":"yith_product_brand-screaming-o","15":"first","16":"instock","17":"taxable","18":"shipping-taxable","19":"purchasable","20":"product-type-simple"},"aioseo_notices":[],"_links":{"self":[{"href":"https:\/\/www.mysexualfantasy.eu\/en\/wp-json\/wp\/v2\/product\/8175","targetHints":{"allow":["GET"]}}],"collection":[{"href":"https:\/\/www.mysexualfantasy.eu\/en\/wp-json\/wp\/v2\/product"}],"about":[{"href":"https:\/\/www.mysexualfantasy.eu\/en\/wp-json\/wp\/v2\/types\/product"}],"replies":[{"embeddable":true,"href":"https:\/\/www.mysexualfantasy.eu\/en\/wp-json\/wp\/v2\/comments?post=8175"}],"wp:featuredmedia":[{"embeddable":true,"href":"https:\/\/www.mysexualfantasy.eu\/en\/wp-json\/wp\/v2\/media\/44186"}],"wp:attachment":[{"href":"https:\/\/www.mysexualfantasy.eu\/en\/wp-json\/wp\/v2\/media?parent=8175"}],"wp:term":[{"taxonomy":"product_brand","embeddable":true,"href":"https:\/\/www.mysexualfantasy.eu\/en\/wp-json\/wp\/v2\/product_brand?post=8175"},{"taxonomy":"product_cat","embeddable":true,"href":"https:\/\/www.mysexualfantasy.eu\/en\/wp-json\/wp\/v2\/product_cat?post=8175"},{"taxonomy":"product_tag","embeddable":true,"href":"https:\/\/www.mysexualfantasy.eu\/en\/wp-json\/wp\/v2\/product_tag?post=8175"}],"curies":[{"name":"wp","href":"https:\/\/api.w.org\/{rel}","templated":true}]}}