{"id":8280,"date":"2023-01-13T13:47:13","date_gmt":"2023-01-13T13:47:13","guid":{"rendered":"https:\/\/www.mysexualfantasy.eu\/?post_type=product&#038;p=8280"},"modified":"2023-12-06T14:52:27","modified_gmt":"2023-12-06T14:52:27","slug":"extreme-toyz-masturbador-vagina-super-con-succionador","status":"publish","type":"product","link":"https:\/\/www.mysexualfantasy.eu\/en\/product\/extreme-toyz-masturbador-vagina-super-con-succionador\/","title":{"rendered":"EXTREME TOYZ MASTURBADOR VAGINA SUPER CON SUCCIONADOR"},"content":{"rendered":"<p>Aumenta tu rendimiento y disfruta de erecciones m\u00e1s grandes y duras que jam\u00e1s hayas imaginado! Esta bomba combina una vagina s\u00faper realista que se conecta con una bomba de placer y los resultados son incre\u00edbles!<\/p>\n<p>Observa como tu pene se hincha con cada apret\u00f3n de la bomba de estilo m\u00e9dica y el efecto de succi\u00f3n que causa.<\/p>\n<ul>\n<li>100% Libre de Phalatos<\/li>\n<\/ul>\n<p>El masturbador se aferrar\u00e1 a tu barra del placer como lo har\u00eda una verdadera amante, c\u00e1lida, apretada y llena de pasi\u00f3n.<\/p>\n<p>Utiliza lubricante si lo que quieres es un encuentro extra h\u00famedo y Pipedream Toy Cleaner con agua tibia para cuando termines limpiarlo.<\/p>","protected":false},"excerpt":{"rendered":"<p>EXTREME TOYZ SUPER CYBER SNATCH PUMP<\/p>","protected":false},"featured_media":61660,"comment_status":"open","ping_status":"closed","template":"","meta":{"_monsterinsights_skip_tracking":false,"_monsterinsights_sitenote_active":false,"_monsterinsights_sitenote_note":"","_monsterinsights_sitenote_category":0,"_joinchat":[]},"product_brand":[],"product_cat":[1152,1160,1167],"product_tag":[],"class_list":{"0":"post-8280","1":"product","2":"type-product","3":"status-publish","4":"has-post-thumbnail","6":"product_cat-juguetes-bienestar","7":"product_cat-juguetes-bienestar-juguetes-para-hombres","8":"product_cat-juguetes-bienestar-juguetes-para-hombresmasturbadores-para-ellos","9":"yith_product_brand-pipedreamsextreme-toyz","10":"yith_product_brand-pipedreams","12":"first","13":"instock","14":"taxable","15":"shipping-taxable","16":"purchasable","17":"product-type-simple"},"aioseo_notices":[],"_links":{"self":[{"href":"https:\/\/www.mysexualfantasy.eu\/en\/wp-json\/wp\/v2\/product\/8280","targetHints":{"allow":["GET"]}}],"collection":[{"href":"https:\/\/www.mysexualfantasy.eu\/en\/wp-json\/wp\/v2\/product"}],"about":[{"href":"https:\/\/www.mysexualfantasy.eu\/en\/wp-json\/wp\/v2\/types\/product"}],"replies":[{"embeddable":true,"href":"https:\/\/www.mysexualfantasy.eu\/en\/wp-json\/wp\/v2\/comments?post=8280"}],"wp:featuredmedia":[{"embeddable":true,"href":"https:\/\/www.mysexualfantasy.eu\/en\/wp-json\/wp\/v2\/media\/61660"}],"wp:attachment":[{"href":"https:\/\/www.mysexualfantasy.eu\/en\/wp-json\/wp\/v2\/media?parent=8280"}],"wp:term":[{"taxonomy":"product_brand","embeddable":true,"href":"https:\/\/www.mysexualfantasy.eu\/en\/wp-json\/wp\/v2\/product_brand?post=8280"},{"taxonomy":"product_cat","embeddable":true,"href":"https:\/\/www.mysexualfantasy.eu\/en\/wp-json\/wp\/v2\/product_cat?post=8280"},{"taxonomy":"product_tag","embeddable":true,"href":"https:\/\/www.mysexualfantasy.eu\/en\/wp-json\/wp\/v2\/product_tag?post=8280"}],"curies":[{"name":"wp","href":"https:\/\/api.w.org\/{rel}","templated":true}]}}