{"id":8286,"date":"2023-01-13T11:42:15","date_gmt":"2023-01-13T11:42:15","guid":{"rendered":"https:\/\/www.mysexualfantasy.eu\/?post_type=product&#038;p=8286"},"modified":"2023-12-06T15:49:25","modified_gmt":"2023-12-06T15:49:25","slug":"extreme-toyz-fuck-me-mega-masturbador-cara-rubia","status":"publish","type":"product","link":"https:\/\/www.mysexualfantasy.eu\/en\/product\/extreme-toyz-fuck-me-mega-masturbador-cara-rubia\/","title":{"rendered":"EXTREME TOYZ FUCK ME MEGA MASTURBADOR CARA RUBIA"},"content":{"rendered":"<p>Coge a esta belleza del sexo oral, dale al play al DVD, lubrica tu pene y m\u00e9tesela por la boca hasta que explotes!<\/p>\n<p>Agarra su pelo y m\u00e9tesela hasta la mitad de la tr\u00e1quea! Esta belleza no puede esperar a tragar hasta la \u00faltima gota de semen.<\/p>\n<p>Dobla la cabeza hacia atr\u00e1s, m\u00e9tesela en la boca y prep\u00e1rate para el sexo oral m\u00e1s realista que jam\u00e1s hayas experimentado!<\/p>\n<p>Hemos cuidado hasta el m\u00e1s m\u00ednimo detalle su tacto de piel real con FantaFlesh, sus brillantes ojos que se mueven con los movimientos de cabeza y su fant\u00e1stica tr\u00e1quea que envolver\u00e1 cada mil\u00edmetro de tu pene!<\/p>\n<ul>\n<li>100% Sumergible, apto para la ducha o el Spa<\/li>\n<li>Libre de phalatos<\/li>\n<\/ul>\n<p>Es toda tuyo para disfrutar y no hay reglas! Lo mejor de todo, ella nunca dice que no a un buen momento porque ella siempre tiene la boca preparada!<\/p>\n<p>La base de ventosa que tiene se adhiere a casi cualquier superficie plana (suelo, azulejos, mesas e incluso de vidrio!). Mira sus ojos se vuelven de nuevo en la cabeza, luego amord\u00e1zala y ll\u00e9nala con el sabor de tu miembro!<\/p>\n<p>i tu pareja no es capaz de realizarte una garganta profunda, ella si que podr\u00e1! Ahora es tu oportunidad de disfrutar de la emoci\u00f3n! Su boca se aferra a la piel de tu pene y se calienta en funci\u00f3n de tu temperatura corporal.<\/p>\n<p>A\u00f1ade un poco de lubricante y su boca se transforma en un para\u00edso h\u00famedo para tu pene. No se atraganta, no le molesta el pelo y no hay dientes que te hagan da\u00f1o.<\/p>\n<p>Cuando est\u00e1s a punto de acabar, no necesitas sacarla puedes acabar en su boca, ya que ella est\u00e1 sedienta de ti!<\/p>\n<p>Pon tu tono favorito de l\u00e1piz labial en sus sexys labios y a continuaci\u00f3n mira como queda en tu pene. Incluso puedes rizar o alisar su cabello y darle tu estilo de pelo favorito! Adhi\u00e9rela en los azulejos de la ducha y convierte tu hora de la ducha, en la hora del sexo oral! Ver\u00e1s como repetir\u00e1s y tus duchas ser\u00e1n m\u00e1s largas!<\/p>\n<p>Para limpiarlo puedes usar el limpiador de juguetes Pipedream y agua tibia, y para recuperar su tacto una vez est\u00e9 seca, puedes aplicar el polvo especial de recuperaci\u00f3n.<\/p>","protected":false},"excerpt":{"rendered":"<p>EXTREME TOYZ FUCK ME FACE BRUNETTE MEGA MASTURBATOR<\/p>","protected":false},"featured_media":41500,"comment_status":"open","ping_status":"closed","template":"","meta":{"_monsterinsights_skip_tracking":false,"_monsterinsights_sitenote_active":false,"_monsterinsights_sitenote_note":"","_monsterinsights_sitenote_category":0,"_joinchat":[]},"product_brand":[],"product_cat":[1296,1152,1160,1167],"product_tag":[],"class_list":{"0":"post-8286","1":"product","2":"type-product","3":"status-publish","4":"has-post-thumbnail","6":"product_cat-juguetes-bienestar-juguetes-para-hombresbocas-y-manos","7":"product_cat-juguetes-bienestar","8":"product_cat-juguetes-bienestar-juguetes-para-hombres","9":"product_cat-juguetes-bienestar-juguetes-para-hombresmasturbadores-para-ellos","10":"yith_product_brand-pipedreamsextreme-toyz","11":"yith_product_brand-pipedreams","13":"first","14":"instock","15":"taxable","16":"shipping-taxable","17":"purchasable","18":"product-type-simple"},"aioseo_notices":[],"_links":{"self":[{"href":"https:\/\/www.mysexualfantasy.eu\/en\/wp-json\/wp\/v2\/product\/8286","targetHints":{"allow":["GET"]}}],"collection":[{"href":"https:\/\/www.mysexualfantasy.eu\/en\/wp-json\/wp\/v2\/product"}],"about":[{"href":"https:\/\/www.mysexualfantasy.eu\/en\/wp-json\/wp\/v2\/types\/product"}],"replies":[{"embeddable":true,"href":"https:\/\/www.mysexualfantasy.eu\/en\/wp-json\/wp\/v2\/comments?post=8286"}],"wp:featuredmedia":[{"embeddable":true,"href":"https:\/\/www.mysexualfantasy.eu\/en\/wp-json\/wp\/v2\/media\/41500"}],"wp:attachment":[{"href":"https:\/\/www.mysexualfantasy.eu\/en\/wp-json\/wp\/v2\/media?parent=8286"}],"wp:term":[{"taxonomy":"product_brand","embeddable":true,"href":"https:\/\/www.mysexualfantasy.eu\/en\/wp-json\/wp\/v2\/product_brand?post=8286"},{"taxonomy":"product_cat","embeddable":true,"href":"https:\/\/www.mysexualfantasy.eu\/en\/wp-json\/wp\/v2\/product_cat?post=8286"},{"taxonomy":"product_tag","embeddable":true,"href":"https:\/\/www.mysexualfantasy.eu\/en\/wp-json\/wp\/v2\/product_tag?post=8286"}],"curies":[{"name":"wp","href":"https:\/\/api.w.org\/{rel}","templated":true}]}}