{"id":8349,"date":"2023-01-13T13:22:45","date_gmt":"2023-01-13T13:22:45","guid":{"rendered":"https:\/\/www.mysexualfantasy.eu\/?post_type=product&#038;p=8349"},"modified":"2023-12-06T16:25:29","modified_gmt":"2023-12-06T16:25:29","slug":"fetish-fantasy-gold-pinzas-para-los-pezones","status":"publish","type":"product","link":"https:\/\/www.mysexualfantasy.eu\/en\/product\/fetish-fantasy-gold-pinzas-para-los-pezones\/","title":{"rendered":"FETISH FANTASY GOLD &#8211; PINZAS PARA LOS PEZONES"},"content":{"rendered":"<p style=\"text-align: center;\"><embed allowfullscreen=\"true\" allowscriptaccess=\"always\" flashvars=\"controlbar=bottomnetstreambasepath=http%3A%2F%2Fwww.pipedreamproducts.com%2Ffile=http%3A%2F%2Fwww.pipedreamproducts.com%2Fpdtv_videos\/pdtvvideo_0000000217.m4vautostart=true\" height=\"304\" src=\"http:\/\/www.pipedreamproducts.com\/jwplayer\/player.swf\" width=\"700\"><\/embed><\/p>\n<p>Haz que tus pezones se animen con el placer que te transmitir\u00e1n estas pinzas de metal para los pezones. Estas pinzas de dise\u00f1o se ven y se sienten geniales y son el complemento perfecto para los que se inician en el mundo del bondage.<\/p>\n<p>Son muy sencillas de usar, proveyendo la presi\u00f3n justa que estimular\u00e1 tus pezones. La cadena intensifica la presi\u00f3n a medida que \u00e9sta se balancea, d\u00e1ndote una sutil estimulaci\u00f3n con cada movimiento.<\/p>\n<ul>\n<li>Se ajusta a todos los tama\u00f1os.<\/li>\n<\/ul>\n<p>Especialmente indicadas para parejas que buscan nuevas sensaciones.<\/p>\n<p>\u00a0<\/p>","protected":false},"excerpt":{"rendered":"<p>FETISH FANTASY GOLD &#8211; NIPPLE CLAMPS<\/p>","protected":false},"featured_media":58622,"comment_status":"open","ping_status":"closed","template":"","meta":{"_monsterinsights_skip_tracking":false,"_monsterinsights_sitenote_active":false,"_monsterinsights_sitenote_note":"","_monsterinsights_sitenote_category":0,"_joinchat":[]},"product_brand":[],"product_cat":[1176,1175,1156,1186,1152,1155,1180],"product_tag":[],"class_list":{"0":"post-8349","1":"product","2":"type-product","3":"status-publish","4":"has-post-thumbnail","6":"product_cat-bdsm-bondage-articulos-bdsm","7":"product_cat-bdsm-bondage","8":"product_cat-juguetes-bienestar-juguetes-para-mujeresestimuladores","9":"product_cat-juguetes-bienestar-fabricado-con-metal","10":"product_cat-juguetes-bienestar","11":"product_cat-juguetes-bienestar-juguetes-para-mujeres","12":"product_cat-bdsm-bondage-articulos-bdsmpinzas-pezones-bdsm","13":"yith_product_brand-pipedreamsfetish-fantasy-gold","14":"yith_product_brand-pipedreams","16":"first","17":"instock","18":"taxable","19":"shipping-taxable","20":"purchasable","21":"product-type-simple"},"aioseo_notices":[],"_links":{"self":[{"href":"https:\/\/www.mysexualfantasy.eu\/en\/wp-json\/wp\/v2\/product\/8349","targetHints":{"allow":["GET"]}}],"collection":[{"href":"https:\/\/www.mysexualfantasy.eu\/en\/wp-json\/wp\/v2\/product"}],"about":[{"href":"https:\/\/www.mysexualfantasy.eu\/en\/wp-json\/wp\/v2\/types\/product"}],"replies":[{"embeddable":true,"href":"https:\/\/www.mysexualfantasy.eu\/en\/wp-json\/wp\/v2\/comments?post=8349"}],"wp:featuredmedia":[{"embeddable":true,"href":"https:\/\/www.mysexualfantasy.eu\/en\/wp-json\/wp\/v2\/media\/58622"}],"wp:attachment":[{"href":"https:\/\/www.mysexualfantasy.eu\/en\/wp-json\/wp\/v2\/media?parent=8349"}],"wp:term":[{"taxonomy":"product_brand","embeddable":true,"href":"https:\/\/www.mysexualfantasy.eu\/en\/wp-json\/wp\/v2\/product_brand?post=8349"},{"taxonomy":"product_cat","embeddable":true,"href":"https:\/\/www.mysexualfantasy.eu\/en\/wp-json\/wp\/v2\/product_cat?post=8349"},{"taxonomy":"product_tag","embeddable":true,"href":"https:\/\/www.mysexualfantasy.eu\/en\/wp-json\/wp\/v2\/product_tag?post=8349"}],"curies":[{"name":"wp","href":"https:\/\/api.w.org\/{rel}","templated":true}]}}