{"id":8352,"date":"2023-01-13T13:22:48","date_gmt":"2023-01-13T13:22:48","guid":{"rendered":"https:\/\/www.mysexualfantasy.eu\/?post_type=product&#038;p=8352"},"modified":"2023-12-06T16:25:29","modified_gmt":"2023-12-06T16:25:29","slug":"fetish-fantasy-gold-pinzas-para-pezones","status":"publish","type":"product","link":"https:\/\/www.mysexualfantasy.eu\/en\/product\/fetish-fantasy-gold-pinzas-para-pezones\/","title":{"rendered":"FETISH FANTASY GOLD &#8211; PINZAS PARA PEZONES"},"content":{"rendered":"<p style=\"text-align: center;\"><embed allowfullscreen=\"true\" allowscriptaccess=\"always\" flashvars=\"controlbar=bottomnetstreambasepath=http%3A%2F%2Fwww.pipedreamproducts.com%2Ffile=http%3A%2F%2Fwww.pipedreamproducts.com%2Fpdtv_videos\/pdtvvideo_0000000217.m4vautostart=true\" height=\"304\" src=\"http:\/\/www.pipedreamproducts.com\/jwplayer\/player.swf\" width=\"700\"><\/embed><\/p>\n<p>Dale a la palabra metales preciosos un nuevo significado con este par de pinzas magn\u00e9ticas para los pezones de lujo.<\/p>\n<p>Fundidas en acero de alta calidad y pulido a mano a la perfecci\u00f3n, estas joyas juntan el placer y el arte a partes iguales.<\/p>\n<p>El acabado dorado es liso, no porosoy f\u00e1cil de limpiar, mientras que el dise\u00f1o est\u00e1 inspirado en el cuerpo y el hecho para excitar.<\/p>","protected":false},"excerpt":{"rendered":"<p>FETISH FANTASY GOLD &#8211; MAGNETIC CLAMPS<\/p>","protected":false},"featured_media":58629,"comment_status":"open","ping_status":"closed","template":"","meta":{"_monsterinsights_skip_tracking":false,"_monsterinsights_sitenote_active":false,"_monsterinsights_sitenote_note":"","_monsterinsights_sitenote_category":0,"_joinchat":[]},"product_brand":[],"product_cat":[1176,1175,1156,1186,1152,1155,1180],"product_tag":[],"class_list":{"0":"post-8352","1":"product","2":"type-product","3":"status-publish","4":"has-post-thumbnail","6":"product_cat-bdsm-bondage-articulos-bdsm","7":"product_cat-bdsm-bondage","8":"product_cat-juguetes-bienestar-juguetes-para-mujeresestimuladores","9":"product_cat-juguetes-bienestar-fabricado-con-metal","10":"product_cat-juguetes-bienestar","11":"product_cat-juguetes-bienestar-juguetes-para-mujeres","12":"product_cat-bdsm-bondage-articulos-bdsmpinzas-pezones-bdsm","13":"yith_product_brand-pipedreamsfetish-fantasy-gold","14":"yith_product_brand-pipedreams","16":"first","17":"instock","18":"taxable","19":"shipping-taxable","20":"purchasable","21":"product-type-simple"},"aioseo_notices":[],"_links":{"self":[{"href":"https:\/\/www.mysexualfantasy.eu\/en\/wp-json\/wp\/v2\/product\/8352","targetHints":{"allow":["GET"]}}],"collection":[{"href":"https:\/\/www.mysexualfantasy.eu\/en\/wp-json\/wp\/v2\/product"}],"about":[{"href":"https:\/\/www.mysexualfantasy.eu\/en\/wp-json\/wp\/v2\/types\/product"}],"replies":[{"embeddable":true,"href":"https:\/\/www.mysexualfantasy.eu\/en\/wp-json\/wp\/v2\/comments?post=8352"}],"wp:featuredmedia":[{"embeddable":true,"href":"https:\/\/www.mysexualfantasy.eu\/en\/wp-json\/wp\/v2\/media\/58629"}],"wp:attachment":[{"href":"https:\/\/www.mysexualfantasy.eu\/en\/wp-json\/wp\/v2\/media?parent=8352"}],"wp:term":[{"taxonomy":"product_brand","embeddable":true,"href":"https:\/\/www.mysexualfantasy.eu\/en\/wp-json\/wp\/v2\/product_brand?post=8352"},{"taxonomy":"product_cat","embeddable":true,"href":"https:\/\/www.mysexualfantasy.eu\/en\/wp-json\/wp\/v2\/product_cat?post=8352"},{"taxonomy":"product_tag","embeddable":true,"href":"https:\/\/www.mysexualfantasy.eu\/en\/wp-json\/wp\/v2\/product_tag?post=8352"}],"curies":[{"name":"wp","href":"https:\/\/api.w.org\/{rel}","templated":true}]}}