{"id":8536,"date":"2023-01-13T12:00:19","date_gmt":"2023-01-13T12:00:19","guid":{"rendered":"https:\/\/www.mysexualfantasy.eu\/?post_type=product&#038;p=8536"},"modified":"2023-12-06T15:57:13","modified_gmt":"2023-12-06T15:57:13","slug":"fire-bunny-rotador-con-sistema-fire","status":"publish","type":"product","link":"https:\/\/www.mysexualfantasy.eu\/en\/product\/fire-bunny-rotador-con-sistema-fire\/","title":{"rendered":"FIRE BUNNY ROTADOR CON SISTEMA FIRE"},"content":{"rendered":"<p>La fire bunny es el vibrador perfecto para llegar a cualquier zona sensible. Se puede hacer girar la punta con 4 velocidades diferentes. Adem\u00e1s se puede encender el conejito estimulante, que har\u00e1 vibrar el peque\u00f1o extremo.<\/p>\n<ul>\n<li>Estimulaci\u00f3n clitorial y vaginal<\/li>\n<li>Rotador en su punta giratoria.<\/li>\n<li>Recargable via usb<\/li>\n<li>Libre de Phalatos<\/li>\n<li>Si lo deseas, dispone del programa fire, que puede alcanzar la temperatura de 48 grados.<\/li>\n<li>Medidas; 220 x 30 mm<\/li>\n<li>Conejito estimulante que despertar\u00e1 tus sentidos<\/li>\n<\/ul>\n<p>Se puede regular en 8 velocidades diferentes con infinidad de posbilidades.<\/p>\n<p>En su interior encontrar\u00e1s cable usb que podras recargar a la red desde cualquier enchufe o desde tu portatil\u00a0 y libro de instrucciones<\/p>\n<p>\u00a1Es algo realmente imprescindible!<\/p>\n<p>\u00a0<\/p>\n<p>\u00a0<\/p>\n<p>\u00a0<\/p>","protected":false},"excerpt":{"rendered":"<p>FIRE BUNNY ROTATION 48\u00aa<\/p>","protected":false},"featured_media":44252,"comment_status":"open","ping_status":"closed","template":"","meta":{"_monsterinsights_skip_tracking":false,"_monsterinsights_sitenote_active":false,"_monsterinsights_sitenote_note":"","_monsterinsights_sitenote_category":0,"_joinchat":[]},"product_brand":[],"product_cat":[1152,1155,1165,1194,1153],"product_tag":[],"class_list":{"0":"post-8536","1":"product","2":"type-product","3":"status-publish","4":"has-post-thumbnail","6":"product_cat-juguetes-bienestar","7":"product_cat-juguetes-bienestar-juguetes-para-mujeres","8":"product_cat-juguetes-bienestar-juguetes-para-mujeresmasturbadores-para-ellas","9":"product_cat-juguetes-bienestar-vibradoresrotadores-y-vibradores","10":"product_cat-juguetes-bienestar-vibradores","11":"yith_product_brand-baile","12":"yith_product_brand-bailebaile-rotations","14":"first","15":"instock","16":"taxable","17":"shipping-taxable","18":"purchasable","19":"product-type-simple"},"aioseo_notices":[],"_links":{"self":[{"href":"https:\/\/www.mysexualfantasy.eu\/en\/wp-json\/wp\/v2\/product\/8536","targetHints":{"allow":["GET"]}}],"collection":[{"href":"https:\/\/www.mysexualfantasy.eu\/en\/wp-json\/wp\/v2\/product"}],"about":[{"href":"https:\/\/www.mysexualfantasy.eu\/en\/wp-json\/wp\/v2\/types\/product"}],"replies":[{"embeddable":true,"href":"https:\/\/www.mysexualfantasy.eu\/en\/wp-json\/wp\/v2\/comments?post=8536"}],"wp:featuredmedia":[{"embeddable":true,"href":"https:\/\/www.mysexualfantasy.eu\/en\/wp-json\/wp\/v2\/media\/44252"}],"wp:attachment":[{"href":"https:\/\/www.mysexualfantasy.eu\/en\/wp-json\/wp\/v2\/media?parent=8536"}],"wp:term":[{"taxonomy":"product_brand","embeddable":true,"href":"https:\/\/www.mysexualfantasy.eu\/en\/wp-json\/wp\/v2\/product_brand?post=8536"},{"taxonomy":"product_cat","embeddable":true,"href":"https:\/\/www.mysexualfantasy.eu\/en\/wp-json\/wp\/v2\/product_cat?post=8536"},{"taxonomy":"product_tag","embeddable":true,"href":"https:\/\/www.mysexualfantasy.eu\/en\/wp-json\/wp\/v2\/product_tag?post=8536"}],"curies":[{"name":"wp","href":"https:\/\/api.w.org\/{rel}","templated":true}]}}