{"id":87,"date":"2023-01-13T13:18:26","date_gmt":"2023-01-13T13:18:26","guid":{"rendered":"https:\/\/www.mysexualfantasy.eu\/?post_type=product&#038;p=87"},"modified":"2023-12-06T14:56:38","modified_gmt":"2023-12-06T14:56:38","slug":"plug-anal-pequeno-rojo-15cm","status":"publish","type":"product","link":"https:\/\/www.mysexualfantasy.eu\/en\/product\/plug-anal-pequeno-rojo-15cm\/","title":{"rendered":"BAILE &#8211; PLUG ANAL PEQUE\u00d1O ROJO 15  CM"},"content":{"rendered":"<p>Es un fant\u00e1stico plug anal peque\u00f1o fabricado de gelatina, con un tacto muy agradable.<\/p>\n<p>Indicado para ganar comodamente en dilatacion anal gracias a su forma conica.<\/p>\n<ul>\n<li>Comodo y suave,con ventosa para uso manual o para poderlo sejetar a cualquier superficie lisa.<\/li>\n<li>Medidas: 15 cm x 4\u00a0cm<\/li>\n<\/ul>\n<p>Recomendamos el uso de lubricantes para un mayor deslazamiento.<\/p>\n<p>Ahora las Relaciones Anales ser\u00e1n coser y cantar!<\/p>","protected":false},"excerpt":{"rendered":"<p>BAILE &#8211; BUTT PLUG RED 15 CM<\/p>","protected":false},"featured_media":57872,"comment_status":"open","ping_status":"closed","template":"","meta":{"_monsterinsights_skip_tracking":false,"_monsterinsights_sitenote_active":false,"_monsterinsights_sitenote_note":"","_monsterinsights_sitenote_category":0,"_joinchat":[]},"product_brand":[],"product_cat":[1162,1152,1189],"product_tag":[],"class_list":{"0":"post-87","1":"product","2":"type-product","3":"status-publish","4":"has-post-thumbnail","6":"product_cat-juguetes-bienestar-anal","7":"product_cat-juguetes-bienestar","8":"product_cat-juguetes-bienestar-analplugs-anales","9":"yith_product_brand-baile","10":"yith_product_brand-bailebaile-anal","12":"first","13":"instock","14":"taxable","15":"shipping-taxable","16":"purchasable","17":"product-type-simple"},"aioseo_notices":[],"_links":{"self":[{"href":"https:\/\/www.mysexualfantasy.eu\/en\/wp-json\/wp\/v2\/product\/87","targetHints":{"allow":["GET"]}}],"collection":[{"href":"https:\/\/www.mysexualfantasy.eu\/en\/wp-json\/wp\/v2\/product"}],"about":[{"href":"https:\/\/www.mysexualfantasy.eu\/en\/wp-json\/wp\/v2\/types\/product"}],"replies":[{"embeddable":true,"href":"https:\/\/www.mysexualfantasy.eu\/en\/wp-json\/wp\/v2\/comments?post=87"}],"wp:featuredmedia":[{"embeddable":true,"href":"https:\/\/www.mysexualfantasy.eu\/en\/wp-json\/wp\/v2\/media\/57872"}],"wp:attachment":[{"href":"https:\/\/www.mysexualfantasy.eu\/en\/wp-json\/wp\/v2\/media?parent=87"}],"wp:term":[{"taxonomy":"product_brand","embeddable":true,"href":"https:\/\/www.mysexualfantasy.eu\/en\/wp-json\/wp\/v2\/product_brand?post=87"},{"taxonomy":"product_cat","embeddable":true,"href":"https:\/\/www.mysexualfantasy.eu\/en\/wp-json\/wp\/v2\/product_cat?post=87"},{"taxonomy":"product_tag","embeddable":true,"href":"https:\/\/www.mysexualfantasy.eu\/en\/wp-json\/wp\/v2\/product_tag?post=87"}],"curies":[{"name":"wp","href":"https:\/\/api.w.org\/{rel}","templated":true}]}}