{"id":9418,"date":"2023-01-13T13:27:31","date_gmt":"2023-01-13T13:27:31","guid":{"rendered":"https:\/\/www.mysexualfantasy.eu\/?post_type=product&#038;p=9418"},"modified":"2023-12-06T15:53:57","modified_gmt":"2023-12-06T15:53:57","slug":"pretty-love-booty-passion-realistic-plug","status":"publish","type":"product","link":"https:\/\/www.mysexualfantasy.eu\/en\/product\/pretty-love-booty-passion-realistic-plug\/","title":{"rendered":"PRETTY LOVE  BOOTY PASSION REALISTIC PLUG"},"content":{"rendered":"<p style=\"font-size: 12.8000001907349px; line-height: 16.6399993896484px;\">Elaborado por el marial m\u00e1s nuevo, tacto suave, este plug con forma erg\u00f3nomica har\u00e1 que consigas estimulaci\u00f3n anal, realizado en silicona de grado medico, sus principales caracteristicas son;<\/p>\n<ul style=\"font-size: 12.8000001907349px; line-height: 16.6399993896484px;\">\n<li>100% Silicona tacto suave<\/li>\n<li>Unisex, \u00a0plug con forma dildo realistico erg\u00f3nomico.<\/li>\n<li>Base con succi\u00f3n<\/li>\n<\/ul>\n<p style=\"font-size: 12.8000001907349px; line-height: 16.6399993896484px;\">Medidas; 16.5\u00a0cm x 3.5 cm de ancho<\/p>","protected":false},"excerpt":{"rendered":"<p>PRETTY LOVE  BOOTY PASSION REALISTIC PLUG<\/p>","protected":false},"featured_media":59505,"comment_status":"open","ping_status":"closed","template":"","meta":{"_monsterinsights_skip_tracking":false,"_monsterinsights_sitenote_active":false,"_monsterinsights_sitenote_note":"","_monsterinsights_sitenote_category":0,"_joinchat":[]},"product_brand":[],"product_cat":[1162,1306,1152,1189],"product_tag":[],"class_list":{"0":"post-9418","1":"product","2":"type-product","3":"status-publish","4":"has-post-thumbnail","6":"product_cat-juguetes-bienestar-anal","7":"product_cat-juguetes-bienestar-analdildos-anales","8":"product_cat-juguetes-bienestar","9":"product_cat-juguetes-bienestar-analplugs-anales","10":"yith_product_brand-pretty-love","11":"yith_product_brand-pretty-lovepretty-love-bottom","13":"first","14":"instock","15":"taxable","16":"shipping-taxable","17":"purchasable","18":"product-type-simple"},"aioseo_notices":[],"_links":{"self":[{"href":"https:\/\/www.mysexualfantasy.eu\/en\/wp-json\/wp\/v2\/product\/9418","targetHints":{"allow":["GET"]}}],"collection":[{"href":"https:\/\/www.mysexualfantasy.eu\/en\/wp-json\/wp\/v2\/product"}],"about":[{"href":"https:\/\/www.mysexualfantasy.eu\/en\/wp-json\/wp\/v2\/types\/product"}],"replies":[{"embeddable":true,"href":"https:\/\/www.mysexualfantasy.eu\/en\/wp-json\/wp\/v2\/comments?post=9418"}],"wp:featuredmedia":[{"embeddable":true,"href":"https:\/\/www.mysexualfantasy.eu\/en\/wp-json\/wp\/v2\/media\/59505"}],"wp:attachment":[{"href":"https:\/\/www.mysexualfantasy.eu\/en\/wp-json\/wp\/v2\/media?parent=9418"}],"wp:term":[{"taxonomy":"product_brand","embeddable":true,"href":"https:\/\/www.mysexualfantasy.eu\/en\/wp-json\/wp\/v2\/product_brand?post=9418"},{"taxonomy":"product_cat","embeddable":true,"href":"https:\/\/www.mysexualfantasy.eu\/en\/wp-json\/wp\/v2\/product_cat?post=9418"},{"taxonomy":"product_tag","embeddable":true,"href":"https:\/\/www.mysexualfantasy.eu\/en\/wp-json\/wp\/v2\/product_tag?post=9418"}],"curies":[{"name":"wp","href":"https:\/\/api.w.org\/{rel}","templated":true}]}}