{"id":9431,"date":"2023-01-13T13:22:49","date_gmt":"2023-01-13T13:22:49","guid":{"rendered":"https:\/\/www.mysexualfantasy.eu\/?post_type=product&#038;p=9431"},"modified":"2023-12-06T16:23:33","modified_gmt":"2023-12-06T16:23:33","slug":"fetish-fantasy-edicion-limitada-esposa-dominacion","status":"publish","type":"product","link":"https:\/\/www.mysexualfantasy.eu\/en\/product\/fetish-fantasy-edicion-limitada-esposa-dominacion\/","title":{"rendered":"FETISH FANTASY LIMITED EDITION &#8211; ESPOSA DOMINACI\u00d3N"},"content":{"rendered":"<p>Coge el control total de tu amante con estas cosas cumfy hogtie. Estas esposas faciles de usar con un kit que incluye, esposas para tobillos y manos , que ademas dispone de un cierre de seguridad y tacto confort, todo lo necesario para que no escape!<\/p>\n<p>Disfruta de tu lado bondage con este accesorio que te facilita la inmovilizacion sin tener que hacer tecnicas complicas e imcomodas.<\/p>\n<ul>\n<li>Ajustables con velcro multiposicion<\/li>\n<li>cierre metal de seguridad<\/li>\n<\/ul>\n<p>Comienza el juego!!<\/p>\n<p style=\"font-size: 12.8000001907349px; line-height: 16.6399993896484px;\">Edici\u00f3n Especial Limitada 50 Sombras, colecci\u00f3n de juguetes del famoso libro del que todo el mundo habla y que se lanzar\u00e1 la pelicula en febrero de 2015 en todos los Cines<\/p>\n<p>\u00a0<\/p>\n<p style=\"text-align: center;\"><iframe allowfullscreen=\"\" frameborder=\"0\" height=\"400\" mozallowfullscreen=\"\" src=\"https:\/\/player.vimeo.com\/video\/136973345\" webkitallowfullscreen=\"\" width=\"700\"><\/iframe><\/p>","protected":false},"excerpt":{"rendered":"<p>FETISH FANTASY LIMITED EDITION &#8211; CUMFY HOGTIE<\/p>","protected":false},"featured_media":58633,"comment_status":"open","ping_status":"closed","template":"","meta":{"_monsterinsights_skip_tracking":false,"_monsterinsights_sitenote_active":false,"_monsterinsights_sitenote_note":"","_monsterinsights_sitenote_category":0,"_joinchat":[]},"product_brand":[],"product_cat":[1175,1178,1397,1152,1247],"product_tag":[],"class_list":{"0":"post-9431","1":"product","2":"type-product","3":"status-publish","4":"has-post-thumbnail","6":"product_cat-bdsm-bondage","7":"product_cat-bdsm-bondage-bondage","8":"product_cat-bdsm-bondage-bondageesposas-de-fijacion","9":"product_cat-juguetes-bienestar","10":"product_cat-juguetes-bienestar-mascaras-y-esposas","11":"yith_product_brand-pipedreamsfetish-fantasy-ed-limitada","12":"yith_product_brand-pipedreams","14":"first","15":"instock","16":"taxable","17":"shipping-taxable","18":"purchasable","19":"product-type-simple"},"aioseo_notices":[],"_links":{"self":[{"href":"https:\/\/www.mysexualfantasy.eu\/en\/wp-json\/wp\/v2\/product\/9431","targetHints":{"allow":["GET"]}}],"collection":[{"href":"https:\/\/www.mysexualfantasy.eu\/en\/wp-json\/wp\/v2\/product"}],"about":[{"href":"https:\/\/www.mysexualfantasy.eu\/en\/wp-json\/wp\/v2\/types\/product"}],"replies":[{"embeddable":true,"href":"https:\/\/www.mysexualfantasy.eu\/en\/wp-json\/wp\/v2\/comments?post=9431"}],"wp:featuredmedia":[{"embeddable":true,"href":"https:\/\/www.mysexualfantasy.eu\/en\/wp-json\/wp\/v2\/media\/58633"}],"wp:attachment":[{"href":"https:\/\/www.mysexualfantasy.eu\/en\/wp-json\/wp\/v2\/media?parent=9431"}],"wp:term":[{"taxonomy":"product_brand","embeddable":true,"href":"https:\/\/www.mysexualfantasy.eu\/en\/wp-json\/wp\/v2\/product_brand?post=9431"},{"taxonomy":"product_cat","embeddable":true,"href":"https:\/\/www.mysexualfantasy.eu\/en\/wp-json\/wp\/v2\/product_cat?post=9431"},{"taxonomy":"product_tag","embeddable":true,"href":"https:\/\/www.mysexualfantasy.eu\/en\/wp-json\/wp\/v2\/product_tag?post=9431"}],"curies":[{"name":"wp","href":"https:\/\/api.w.org\/{rel}","templated":true}]}}