{"id":9654,"date":"2023-01-13T12:47:04","date_gmt":"2023-01-13T12:47:04","guid":{"rendered":"https:\/\/www.mysexualfantasy.eu\/?post_type=product&#038;p=9654"},"modified":"2023-12-06T15:09:44","modified_gmt":"2023-12-06T15:09:44","slug":"saninex-incienso-aromatico-caricia-20-sticks","status":"publish","type":"product","link":"https:\/\/www.mysexualfantasy.eu\/en\/product\/saninex-incienso-aromatico-caricia-20-sticks\/","title":{"rendered":"SANINEX FRAGANCE &#8211;  INCIENSO AROMATICO CARICIA 20 STICKS"},"content":{"rendered":"<p>Aroma que te har\u00e1 sentir la m\u00e1s profunda dulzura, acompa\u00f1ada de una inmensa suavidad. Base feromonas.<\/p>\n<p>Dise\u00f1ados y fabricados con las m\u00e1ximas calidades que mereces. La realidad del placer sentida en cada momento.<\/p>\n<ul>\n<li>Formato lujo 20 sticks.<\/li>\n<\/ul>\n<p>D\u00e9jate seducir por el ambiente que podr\u00e1s crear con los afrodisiacos inciensos Saninex.<\/p>\n<p>Solo t\u00fa eres capaz de hacer realidad el sue\u00f1o de un lugar id\u00f3neo para el amor.<\/p>\n<p style=\"text-align: center;\"><iframe allowfullscreen=\"\" frameborder=\"0\" height=\"394\" src=\"\/\/www.youtube.com\/embed\/TIi0hB-heJ0?controls=0showinfo=0\" width=\"700\"><\/iframe><\/p>","protected":false},"excerpt":{"rendered":"<p>SANINEX FRAGANCE &#8211;  INCIENSO AROM\u00c1TICO CARICIA 20 STICKS<\/p>","protected":false},"featured_media":53334,"comment_status":"open","ping_status":"closed","template":"","meta":{"_monsterinsights_skip_tracking":false,"_monsterinsights_sitenote_active":false,"_monsterinsights_sitenote_note":"","_monsterinsights_sitenote_category":0,"_joinchat":[]},"product_brand":[],"product_cat":[1203,1223,148],"product_tag":[],"class_list":{"0":"post-9654","1":"product","2":"type-product","3":"status-publish","4":"has-post-thumbnail","6":"product_cat-drogueria","7":"product_cat-drogueria-inciensos","8":"product_cat-ofertas","9":"yith_product_brand-saninex","10":"yith_product_brand-saninexsaninex-fragance","12":"first","13":"instock","14":"taxable","15":"shipping-taxable","16":"purchasable","17":"product-type-simple"},"aioseo_notices":[],"_links":{"self":[{"href":"https:\/\/www.mysexualfantasy.eu\/en\/wp-json\/wp\/v2\/product\/9654","targetHints":{"allow":["GET"]}}],"collection":[{"href":"https:\/\/www.mysexualfantasy.eu\/en\/wp-json\/wp\/v2\/product"}],"about":[{"href":"https:\/\/www.mysexualfantasy.eu\/en\/wp-json\/wp\/v2\/types\/product"}],"replies":[{"embeddable":true,"href":"https:\/\/www.mysexualfantasy.eu\/en\/wp-json\/wp\/v2\/comments?post=9654"}],"wp:featuredmedia":[{"embeddable":true,"href":"https:\/\/www.mysexualfantasy.eu\/en\/wp-json\/wp\/v2\/media\/53334"}],"wp:attachment":[{"href":"https:\/\/www.mysexualfantasy.eu\/en\/wp-json\/wp\/v2\/media?parent=9654"}],"wp:term":[{"taxonomy":"product_brand","embeddable":true,"href":"https:\/\/www.mysexualfantasy.eu\/en\/wp-json\/wp\/v2\/product_brand?post=9654"},{"taxonomy":"product_cat","embeddable":true,"href":"https:\/\/www.mysexualfantasy.eu\/en\/wp-json\/wp\/v2\/product_cat?post=9654"},{"taxonomy":"product_tag","embeddable":true,"href":"https:\/\/www.mysexualfantasy.eu\/en\/wp-json\/wp\/v2\/product_tag?post=9654"}],"curies":[{"name":"wp","href":"https:\/\/api.w.org\/{rel}","templated":true}]}}