{"id":9925,"date":"2023-01-13T12:00:22","date_gmt":"2023-01-13T12:00:22","guid":{"rendered":"https:\/\/www.mysexualfantasy.eu\/?post_type=product&#038;p=9925"},"modified":"2023-12-06T15:57:16","modified_gmt":"2023-12-06T15:57:16","slug":"baile-persian-elite-rabbit","status":"publish","type":"product","link":"https:\/\/www.mysexualfantasy.eu\/en\/product\/baile-persian-elite-rabbit\/","title":{"rendered":"BAILE PERSIAN ELITE RABBIT"},"content":{"rendered":"<p style=\"font-size: 12.8000001907349px; line-height: 16.6399993896484px;\">Rabbit Persinal Elite\u00a0el vibrador perfecto para estimular todas tu zona er\u00f3gena \u00a0a la maxima elevaci\u00f3n del placer.<\/p>\n<p style=\"font-size: 12.8000001907349px; line-height: 16.6399993896484px;\"><span style=\"font-size: 12.8000001907349px; line-height: 16.6399993896484px;\">Persinal Elite<\/span>\u00a0tiene las siguientes caracteristicas;<\/p>\n<ul style=\"font-size: 12.8000001907349px; line-height: 16.6399993896484px;\">\n<li>Doble rotaci\u00f3n, dispone de bolas metalicas, girando en un sentido contrario a la punta.<\/li>\n<li>Rotador Multivelocidad de fuerte potencia<\/li>\n<li>Boton de encendido retroiluminado.<\/li>\n<li>Adem\u00e1s se puede encender el conejo, que har\u00e1 vibrar el peque\u00f1o extremo con vibraci\u00f3n regulable multivelocidad.<\/li>\n<li>Tambi\u00e9n se puede indicar la direcci\u00f3n del giro.<\/li>\n<\/ul>\n<p style=\"font-size: 12.8000001907349px; line-height: 16.6399993896484px;\">\u00a1Es algo realmente imprescindible!<\/p>\n<p style=\"font-size: 12.8000001907349px; line-height: 16.6399993896484px;\">Este vibrador rotador te har\u00e1 sentir grandes emociones!\u00a0<\/p>\n<ul style=\"font-size: 12.8000001907349px; line-height: 16.6399993896484px;\">\n<li>Estimulaci\u00f3n del punto G<\/li>\n<li>Estimulaci\u00f3n clitorial<\/li>\n<li>Sumergible, apto para la ducha o Spa<\/li>\n<li>100% libre de phalatos , Silicona  Tpe<\/li>\n<\/ul>\n<p style=\"font-size: 12.8000001907349px; line-height: 16.6399993896484px;\">Funciona con 3\u00a0pilas AAA No incluidas que puedes encontrar en la secci\u00f3n Pilas<\/p>\n<p style=\"font-size: 12.8000001907349px; line-height: 16.6399993896484px;\">Medidas; 23\u00a0cm longitud total x 3.5\u00a0cm de ancho.<\/p>\n<p style=\"font-size: 12.8000001907349px; line-height: 16.6399993896484px;\">Dise\u00f1ado en Estados Unidos.<\/p>","protected":false},"excerpt":{"rendered":"<p>BAILE PERSIAN ELITE RABBIT<\/p>","protected":false},"featured_media":44267,"comment_status":"open","ping_status":"closed","template":"","meta":{"_monsterinsights_skip_tracking":false,"_monsterinsights_sitenote_active":false,"_monsterinsights_sitenote_note":"","_monsterinsights_sitenote_category":0,"_joinchat":[]},"product_brand":[],"product_cat":[1152,1155,1165,1194,1153],"product_tag":[],"class_list":{"0":"post-9925","1":"product","2":"type-product","3":"status-publish","4":"has-post-thumbnail","6":"product_cat-juguetes-bienestar","7":"product_cat-juguetes-bienestar-juguetes-para-mujeres","8":"product_cat-juguetes-bienestar-juguetes-para-mujeresmasturbadores-para-ellas","9":"product_cat-juguetes-bienestar-vibradoresrotadores-y-vibradores","10":"product_cat-juguetes-bienestar-vibradores","11":"yith_product_brand-baile","12":"yith_product_brand-bailebaile-rotations","14":"first","15":"instock","16":"taxable","17":"shipping-taxable","18":"purchasable","19":"product-type-simple"},"aioseo_notices":[],"_links":{"self":[{"href":"https:\/\/www.mysexualfantasy.eu\/en\/wp-json\/wp\/v2\/product\/9925","targetHints":{"allow":["GET"]}}],"collection":[{"href":"https:\/\/www.mysexualfantasy.eu\/en\/wp-json\/wp\/v2\/product"}],"about":[{"href":"https:\/\/www.mysexualfantasy.eu\/en\/wp-json\/wp\/v2\/types\/product"}],"replies":[{"embeddable":true,"href":"https:\/\/www.mysexualfantasy.eu\/en\/wp-json\/wp\/v2\/comments?post=9925"}],"wp:featuredmedia":[{"embeddable":true,"href":"https:\/\/www.mysexualfantasy.eu\/en\/wp-json\/wp\/v2\/media\/44267"}],"wp:attachment":[{"href":"https:\/\/www.mysexualfantasy.eu\/en\/wp-json\/wp\/v2\/media?parent=9925"}],"wp:term":[{"taxonomy":"product_brand","embeddable":true,"href":"https:\/\/www.mysexualfantasy.eu\/en\/wp-json\/wp\/v2\/product_brand?post=9925"},{"taxonomy":"product_cat","embeddable":true,"href":"https:\/\/www.mysexualfantasy.eu\/en\/wp-json\/wp\/v2\/product_cat?post=9925"},{"taxonomy":"product_tag","embeddable":true,"href":"https:\/\/www.mysexualfantasy.eu\/en\/wp-json\/wp\/v2\/product_tag?post=9925"}],"curies":[{"name":"wp","href":"https:\/\/api.w.org\/{rel}","templated":true}]}}