{"id":9941,"date":"2023-01-13T12:00:26","date_gmt":"2023-01-13T12:00:26","guid":{"rendered":"https:\/\/www.mysexualfantasy.eu\/?post_type=product&#038;p=9941"},"modified":"2023-12-06T15:57:24","modified_gmt":"2023-12-06T15:57:24","slug":"ly-baile-u-s-rabbit-gold-prince","status":"publish","type":"product","link":"https:\/\/www.mysexualfantasy.eu\/en\/product\/ly-baile-u-s-rabbit-gold-prince\/","title":{"rendered":"LY &#8211; BAILE U.S. RABBIT GOLD PRINCE"},"content":{"rendered":"<p style=\"font-size: 12.8000001907349px; line-height: 16.6399993896484px;\"><strong>Rabbit Gold Prince<\/strong>, el vibrador perfecto para estimular todas tu zona er\u00f3gena \u00a0a la maxima elevaci\u00f3n del placer.<\/p>\n<p>Este brillante vibrador de conejo realmente lo tiene todo.\u00a0Las cuentas giratorias sincronizadas que no se atascan y el eje acanalado proporcionan un masaje vaginal insuperable.\u00a0\u00a1Y el cabezal giratorio de varias velocidades perfora sin cesar proporcion\u00e1ndote la estimulaci\u00f3n interna m\u00e1s deliciosa conocida por la mujer!\u00a0BAILE elige tu camino a trav\u00e9s de la vibraci\u00f3n de 12 velocidades y 4 funciones de rotaci\u00f3n, antes de que te des cuenta te encontrar\u00e1s en un mundo lleno de \u00e9xtasis.\u00a0Con el controlador de luces LED, te proporciona perfectamente una incre\u00edble estimulaci\u00f3n del cl\u00edtoris en la oscuridad.<\/p>\n<p style=\"font-size: 12.8000001907349px; line-height: 16.6399993896484px;\"><strong><span style=\"font-size: 12.8000001907349px; line-height: 16.6399993896484px;\">Rabbit Gold Prince<\/span>\u00a0tiene las siguientes caracteristicas;<\/strong><\/p>\n<ul style=\"font-size: 12.8000001907349px; line-height: 16.6399993896484px;\">\n<li>Doble rotaci\u00f3n, dispone de bolas metalicas, girando en un sentido contrario a la punta.<\/li>\n<li>Panel de control tactil retroiluminado.<\/li>\n<li>Adem\u00e1s se puede encender el conejo, que har\u00e1 vibrar el peque\u00f1o extremo con 5 funciones<\/li>\n<li>4 Funciones de rotacion + 12\u00a0funciones de Vibraci\u00f3n<\/li>\n<li>Sumergible \/ Apto para la ducha o Spa.<\/li>\n<li>Tambi\u00e9n se puede indicar la direcci\u00f3n del giro.<\/li>\n<\/ul>\n<p style=\"font-size: 12.8000001907349px; line-height: 16.6399993896484px;\">\u00a1Es algo realmente imprescindible!<\/p>\n<p style=\"font-size: 12.8000001907349px; line-height: 16.6399993896484px;\">Este vibrador rotador te har\u00e1 sentir grandes emociones!\u00a0<\/p>\n<ul style=\"font-size: 12.8000001907349px; line-height: 16.6399993896484px;\">\n<li>Estimulaci\u00f3n del punto G<\/li>\n<li>Estimulaci\u00f3n clitorial<\/li>\n<li>Sumergible, apto para la ducha o Spa<\/li>\n<li>100% libre de phalatos, Silicona  Tpe<\/li>\n<\/ul>\n<p style=\"font-size: 12.8000001907349px; line-height: 16.6399993896484px;\">Funciona con 3\u00a0pilas AAA No incluidas que puedes encontrar en la secci\u00f3n Pilas<\/p>\n<p style=\"font-size: 12.8000001907349px; line-height: 16.6399993896484px;\">Medidas; 23\u00a0cm longitud total x 3.5\u00a0cm de ancho.<\/p>\n<p style=\"font-size: 12.8000001907349px; line-height: 16.6399993896484px;\">Dise\u00f1ado en Estados Unidos.<\/p>","protected":false},"excerpt":{"rendered":"<p>LY &#8211; BAILE U.S. RABBIT GOLD PRINCE<\/p>","protected":false},"featured_media":44292,"comment_status":"open","ping_status":"closed","template":"","meta":{"_monsterinsights_skip_tracking":false,"_monsterinsights_sitenote_active":false,"_monsterinsights_sitenote_note":"","_monsterinsights_sitenote_category":0,"_joinchat":[]},"product_brand":[],"product_cat":[1193,1152,1155,1165,1194,1153,1195],"product_tag":[],"class_list":{"0":"post-9941","1":"product","2":"type-product","3":"status-publish","4":"has-post-thumbnail","6":"product_cat-juguetes-bienestar-vibradores100-sumergible","7":"product_cat-juguetes-bienestar","8":"product_cat-juguetes-bienestar-juguetes-para-mujeres","9":"product_cat-juguetes-bienestar-juguetes-para-mujeresmasturbadores-para-ellas","10":"product_cat-juguetes-bienestar-vibradoresrotadores-y-vibradores","11":"product_cat-juguetes-bienestar-vibradores","12":"product_cat-juguetes-bienestar-vibradoresvibradores-rabbit","13":"yith_product_brand-baile","14":"yith_product_brand-bailebaile-rotations","16":"first","17":"instock","18":"taxable","19":"shipping-taxable","20":"purchasable","21":"product-type-simple"},"aioseo_notices":[],"_links":{"self":[{"href":"https:\/\/www.mysexualfantasy.eu\/en\/wp-json\/wp\/v2\/product\/9941","targetHints":{"allow":["GET"]}}],"collection":[{"href":"https:\/\/www.mysexualfantasy.eu\/en\/wp-json\/wp\/v2\/product"}],"about":[{"href":"https:\/\/www.mysexualfantasy.eu\/en\/wp-json\/wp\/v2\/types\/product"}],"replies":[{"embeddable":true,"href":"https:\/\/www.mysexualfantasy.eu\/en\/wp-json\/wp\/v2\/comments?post=9941"}],"wp:featuredmedia":[{"embeddable":true,"href":"https:\/\/www.mysexualfantasy.eu\/en\/wp-json\/wp\/v2\/media\/44292"}],"wp:attachment":[{"href":"https:\/\/www.mysexualfantasy.eu\/en\/wp-json\/wp\/v2\/media?parent=9941"}],"wp:term":[{"taxonomy":"product_brand","embeddable":true,"href":"https:\/\/www.mysexualfantasy.eu\/en\/wp-json\/wp\/v2\/product_brand?post=9941"},{"taxonomy":"product_cat","embeddable":true,"href":"https:\/\/www.mysexualfantasy.eu\/en\/wp-json\/wp\/v2\/product_cat?post=9941"},{"taxonomy":"product_tag","embeddable":true,"href":"https:\/\/www.mysexualfantasy.eu\/en\/wp-json\/wp\/v2\/product_tag?post=9941"}],"curies":[{"name":"wp","href":"https:\/\/api.w.org\/{rel}","templated":true}]}}