{"id":9949,"date":"2023-01-13T12:00:28","date_gmt":"2023-01-13T12:00:28","guid":{"rendered":"https:\/\/www.mysexualfantasy.eu\/?post_type=product&#038;p=9949"},"modified":"2023-12-06T15:57:25","modified_gmt":"2023-12-06T15:57:25","slug":"ctype-pretty-love-angelo-arnes-lila","status":"publish","type":"product","link":"https:\/\/www.mysexualfantasy.eu\/en\/product\/ctype-pretty-love-angelo-arnes-lila\/","title":{"rendered":"CTYPE PRETTY LOVE ANGELO ARNES LILA"},"content":{"rendered":"<p>Angelo es un fantastico arn\u00e9s para la mujer sin correas de alta calidad suprema recarghable.<\/p>\n<p>Es muy comodo de utilizar, introducir el extremo mas corto en la zona vaginal\u00a0 y con el otro extremo penetrar a\u00a0 tu pareja, sus principales cualidades son;<\/p>\n<ul>\n<li>100% Silicona grado medico libre de phalatos<\/li>\n<li>3 motores internos<\/li>\n<li>30 Funciones de Vibraci\u00f3n<\/li>\n<li>Rechargable<\/li>\n<li>Panel de control tactil retroiluminado..<\/li>\n<li>Resistente al agua \/ Apto para la ducha o Spa.<\/li>\n<li>Doble placer, tanto para la que da como la\/el que recibe.<\/li>\n<li>Se adapta perfectamente a la zona vaginal permitiendo que estimule a trav\u00e9s de la contracion de los musculos vaginales.<\/li>\n<li>Presentaci\u00f3n en estuche duro alta gama con manual de instrucciones.<\/li>\n<li>Rechargable a la corriente o al ordenador ( adaptadores incluidos)<\/li>\n<li>El placer esta asegurado!!<\/li>\n<li>Incluye practica bolsa de tela para guardar el producto despues de su uso!<\/li>\n<li>Medidas: Ver foto<\/li>\n<\/ul>\n<p>Pretty Love fabrica productos con exigentes normas de calidad, todos sus productos estan dise\u00f1ados en Estados Unidos y tienen 1 a\u00f1o de garant\u00eda en defectos tecnicos.<\/p>","protected":false},"excerpt":{"rendered":"<p>PRETTY LOVE ANGELO ARNES PURPLE<\/p>","protected":false},"featured_media":44302,"comment_status":"open","ping_status":"closed","template":"","meta":{"_monsterinsights_skip_tracking":false,"_monsterinsights_sitenote_active":false,"_monsterinsights_sitenote_note":"","_monsterinsights_sitenote_category":0,"_joinchat":[]},"product_brand":[],"product_cat":[1193,1173,1279,1280,1282,1152,1155,1165,1153],"product_tag":[],"class_list":{"0":"post-9949","1":"product","2":"type-product","3":"status-publish","4":"has-post-thumbnail","6":"product_cat-juguetes-bienestar-vibradores100-sumergible","7":"product_cat-juguetes-bienestar-arneses","8":"product_cat-juguetes-bienestar-arnesesarneses-con-vibracion","9":"product_cat-juguetes-bienestar-arnesesarneses-dobles","10":"product_cat-juguetes-bienestar-arnesesarneses-sin-correas","11":"product_cat-juguetes-bienestar","12":"product_cat-juguetes-bienestar-juguetes-para-mujeres","13":"product_cat-juguetes-bienestar-juguetes-para-mujeresmasturbadores-para-ellas","14":"product_cat-juguetes-bienestar-vibradores","15":"yith_product_brand-pretty-love","16":"yith_product_brand-pretty-lovepretty-love-c-type","18":"first","19":"instock","20":"taxable","21":"shipping-taxable","22":"purchasable","23":"product-type-simple"},"aioseo_notices":[],"_links":{"self":[{"href":"https:\/\/www.mysexualfantasy.eu\/en\/wp-json\/wp\/v2\/product\/9949","targetHints":{"allow":["GET"]}}],"collection":[{"href":"https:\/\/www.mysexualfantasy.eu\/en\/wp-json\/wp\/v2\/product"}],"about":[{"href":"https:\/\/www.mysexualfantasy.eu\/en\/wp-json\/wp\/v2\/types\/product"}],"replies":[{"embeddable":true,"href":"https:\/\/www.mysexualfantasy.eu\/en\/wp-json\/wp\/v2\/comments?post=9949"}],"wp:featuredmedia":[{"embeddable":true,"href":"https:\/\/www.mysexualfantasy.eu\/en\/wp-json\/wp\/v2\/media\/44302"}],"wp:attachment":[{"href":"https:\/\/www.mysexualfantasy.eu\/en\/wp-json\/wp\/v2\/media?parent=9949"}],"wp:term":[{"taxonomy":"product_brand","embeddable":true,"href":"https:\/\/www.mysexualfantasy.eu\/en\/wp-json\/wp\/v2\/product_brand?post=9949"},{"taxonomy":"product_cat","embeddable":true,"href":"https:\/\/www.mysexualfantasy.eu\/en\/wp-json\/wp\/v2\/product_cat?post=9949"},{"taxonomy":"product_tag","embeddable":true,"href":"https:\/\/www.mysexualfantasy.eu\/en\/wp-json\/wp\/v2\/product_tag?post=9949"}],"curies":[{"name":"wp","href":"https:\/\/api.w.org\/{rel}","templated":true}]}}